{"id":32327,"date":"2024-11-15T13:31:24","date_gmt":"2024-11-15T13:31:24","guid":{"rendered":"https:\/\/exotic-whip.com\/product\/blueberry-cream-charger-670-gram\/"},"modified":"2025-07-21T12:50:59","modified_gmt":"2025-07-21T12:50:59","slug":"incarcator-de-crema-de-afine-670-gram","status":"publish","type":"product","link":"https:\/\/ewhip-distro.info\/ro\/produs\/incarcator-de-crema-de-afine-670-gram\/","title":{"rendered":"NOU ExoticWhip \u00cenc\u0103rc\u0103tor de Crem\u0103 de Afine 670 grame"},"excerpt":{"rendered":"<p>Dulce, fin \u0219i delicios de \u00eendr\u0103zne\u021b \u2013 \u00cenc\u0103rc\u0103torul de Crem\u0103 ExoticWhip cu arom\u0103 de Afine de 670g aduce un gust de fructe proasp\u0103t culese \u00een crea\u021biile tale. Este echilibrul perfect \u00eentre fructat \u0219i r\u0103coritor, fiind alegerea ideal\u0103 pentru a ad\u0103uga un strop de dulcea\u021b\u0103 \u00een b\u0103uturi, deserturi \u0219i toppinguri! Compatibil cu <a href=\"https:\/\/ewhip-distro.info\/ro\/produs\/exotic-whip-creamer\/\">aparatul de fri\u0219c\u0103 ExoticWhip!<\/a><\/p>\n<p><strong>Acest produs este v\u00e2ndut doar \u00eentr-o cutie cu \u0219ase arome mixte!<\/strong><\/p>\n<p><strong>Noul design include un cod QR de verificare. <a href=\"https:\/\/ewhip-distro.info\/ro\/verifica-ti-sticla-exoticwhip\/\">Afl\u0103 cum s\u0103 \u00ee\u021bi verifici recipientul.<\/a><\/strong><\/p>\n<p><strong>*Fiecare palet\u0103 de 670g con\u021bine 75 de cutii (6 cartu\u0219e per cutie)<\/strong><\/p>\n","protected":false},"featured_media":31963,"template":"","meta":{"_acf_changed":false},"product_brand":[],"product_cat":[91,273],"product_tag":[469,470,471],"class_list":{"0":"post-32327","1":"product","2":"type-product","3":"status-publish","4":"has-post-thumbnail","6":"product_cat-cylinders-ro","7":"product_cat-toate","8":"product_tag-cream-charger-ro","9":"product_tag-exotic-ro","10":"product_tag-whip-ro","12":"first","13":"instock","14":"taxable","15":"shipping-taxable","16":"purchasable","17":"product-type-simple"},"acf":[],"_links":{"self":[{"href":"https:\/\/ewhip-distro.info\/ro\/wp-json\/wp\/v2\/product\/32327","targetHints":{"allow":["GET"]}}],"collection":[{"href":"https:\/\/ewhip-distro.info\/ro\/wp-json\/wp\/v2\/product"}],"about":[{"href":"https:\/\/ewhip-distro.info\/ro\/wp-json\/wp\/v2\/types\/product"}],"wp:featuredmedia":[{"embeddable":true,"href":"https:\/\/ewhip-distro.info\/ro\/wp-json\/wp\/v2\/media\/31963"}],"wp:attachment":[{"href":"https:\/\/ewhip-distro.info\/ro\/wp-json\/wp\/v2\/media?parent=32327"}],"wp:term":[{"taxonomy":"product_brand","embeddable":true,"href":"https:\/\/ewhip-distro.info\/ro\/wp-json\/wp\/v2\/product_brand?post=32327"},{"taxonomy":"product_cat","embeddable":true,"href":"https:\/\/ewhip-distro.info\/ro\/wp-json\/wp\/v2\/product_cat?post=32327"},{"taxonomy":"product_tag","embeddable":true,"href":"https:\/\/ewhip-distro.info\/ro\/wp-json\/wp\/v2\/product_tag?post=32327"}],"curies":[{"name":"wp","href":"https:\/\/api.w.org\/{rel}","templated":true}]}}