{"id":32313,"date":"2024-11-15T13:07:59","date_gmt":"2024-11-15T13:07:59","guid":{"rendered":"https:\/\/exotic-whip.com\/product\/green-apple-cream-charger-670-gram\/"},"modified":"2025-01-22T10:27:52","modified_gmt":"2025-01-22T10:27:52","slug":"cartus-de-frisca-de-mar-verde-670-grame","status":"publish","type":"product","link":"https:\/\/ewhip-distro.info\/ro\/produs\/cartus-de-frisca-de-mar-verde-670-grame\/","title":{"rendered":"NOU Cartu\u0219 de fri\u0219c\u0103 ExoticWhip de m\u0103r verde de 670 grame"},"excerpt":{"rendered":"<p>Proasp\u0103t, crocant \u0219i suculent \u2013 \u00eent\u00e2lne\u0219te \u00eenc\u0103rc\u0103torul de fri\u0219c\u0103 ExoticWhip cu arom\u0103 de M\u0103r de 670g. Cu fiecare utilizare, sim\u021bi gustul revigorant \u0219i str\u0103lucitor al unui m\u0103r abia cules. C\u00e2nd vrei s\u0103 p\u0103strezi lucrurile r\u0103coroase \u0219i fructate, aceast\u0103 arom\u0103 de M\u0103r este alegerea perfect\u0103. \u00cemprosp\u0103teaz\u0103-\u021bi crea\u021biile cu un strop de originalitate care e greu de refuzat! Compatibil cu <a href=\"https:\/\/ewhip-distro.info\/ro\/product-categorie\/accessories-ro\/\">aparatul de fri\u0219c\u0103 ExoticWhip!<\/a><\/p>\n<p><strong>Acest produs este v\u00e2ndut doar \u00eentr-o cutie cu \u0219ase arome mixte!<\/strong><\/p>\n<p><strong>Noul design include un cod QR de verificare. <a href=\"https:\/\/ewhip-distro.info\/ro\/verifica-ti-sticla-exoticwhip\/\">Afl\u0103 cum s\u0103 \u00ee\u021bi verifici recipientul.<\/a><\/strong><\/p>\n<p><strong>*Fiecare palet\u0103 de 670g con\u021bine 75 de cutii (6 cartu\u0219e per cutie)<\/strong><\/p>\n","protected":false},"featured_media":31889,"template":"","meta":{"_acf_changed":false},"product_brand":[],"product_cat":[91,273],"product_tag":[469,470,471],"class_list":{"0":"post-32313","1":"product","2":"type-product","3":"status-publish","4":"has-post-thumbnail","6":"product_cat-cylinders-ro","7":"product_cat-toate","8":"product_tag-cream-charger-ro","9":"product_tag-exotic-ro","10":"product_tag-whip-ro","12":"first","13":"instock","14":"taxable","15":"shipping-taxable","16":"purchasable","17":"product-type-simple"},"acf":[],"_links":{"self":[{"href":"https:\/\/ewhip-distro.info\/ro\/wp-json\/wp\/v2\/product\/32313","targetHints":{"allow":["GET"]}}],"collection":[{"href":"https:\/\/ewhip-distro.info\/ro\/wp-json\/wp\/v2\/product"}],"about":[{"href":"https:\/\/ewhip-distro.info\/ro\/wp-json\/wp\/v2\/types\/product"}],"wp:featuredmedia":[{"embeddable":true,"href":"https:\/\/ewhip-distro.info\/ro\/wp-json\/wp\/v2\/media\/31889"}],"wp:attachment":[{"href":"https:\/\/ewhip-distro.info\/ro\/wp-json\/wp\/v2\/media?parent=32313"}],"wp:term":[{"taxonomy":"product_brand","embeddable":true,"href":"https:\/\/ewhip-distro.info\/ro\/wp-json\/wp\/v2\/product_brand?post=32313"},{"taxonomy":"product_cat","embeddable":true,"href":"https:\/\/ewhip-distro.info\/ro\/wp-json\/wp\/v2\/product_cat?post=32313"},{"taxonomy":"product_tag","embeddable":true,"href":"https:\/\/ewhip-distro.info\/ro\/wp-json\/wp\/v2\/product_tag?post=32313"}],"curies":[{"name":"wp","href":"https:\/\/api.w.org\/{rel}","templated":true}]}}