{"id":32037,"date":"2024-11-15T12:15:38","date_gmt":"2024-11-15T12:15:38","guid":{"rendered":"https:\/\/exotic-whip.com\/product\/exoticwhip-coconut-cream-charger-1350-gram\/"},"modified":"2025-04-18T10:53:01","modified_gmt":"2025-04-18T10:53:01","slug":"incarcator-de-crema-de-cocos-1350-gram","status":"publish","type":"product","link":"https:\/\/ewhip-distro.info\/ro\/produs\/incarcator-de-crema-de-cocos-1350-gram\/","title":{"rendered":"ExoticWhip \u00cenc\u0103rc\u0103tor de Crem\u0103 de Cocos 1350 grame"},"excerpt":{"rendered":"<p>\u00cenc\u0103rc\u0103torul de crem\u0103 de 1350g este cea mai convenabil\u0103 dimensiune a noastr\u0103 de p\u00e2n\u0103 acum. Exact la mijloc \u00een ceea ce prive\u0219te dimensiunea, 1350g este liderul de pia\u021b\u0103 \u00een oxidul de azot AROMATIZAT; acest \u00eenc\u0103rc\u0103tor de Cocos este c\u00e2t se poate de EXOTIC, con\u021bin\u00e2nd cel mai \u00eenalt nivel de calitate al N2O produs \u00een UE.<\/p>\n<p><strong>Noul design include un cod QR de verificare. <a href=\"https:\/\/ewhip-distro.info\/ro\/verifica-ti-sticla-exoticwhip\/\">Afl\u0103 cum s\u0103 \u00ee\u021bi verifici recipientul.<\/a><\/strong><\/p>\n<p><strong>*Fiecare palet\u0103 de 1350g con\u021bine 60 de cutii (4 cartu\u0219e per cutie)<\/strong><\/p>\n","protected":false},"featured_media":31761,"template":"","meta":{"_acf_changed":false},"product_brand":[],"product_cat":[],"product_tag":[469,470,471],"class_list":{"0":"post-32037","1":"product","2":"type-product","3":"status-publish","4":"has-post-thumbnail","6":"product_tag-cream-charger-ro","7":"product_tag-exotic-ro","8":"product_tag-whip-ro","10":"first","11":"instock","12":"taxable","13":"shipping-taxable","14":"purchasable","15":"product-type-simple"},"acf":[],"_links":{"self":[{"href":"https:\/\/ewhip-distro.info\/ro\/wp-json\/wp\/v2\/product\/32037","targetHints":{"allow":["GET"]}}],"collection":[{"href":"https:\/\/ewhip-distro.info\/ro\/wp-json\/wp\/v2\/product"}],"about":[{"href":"https:\/\/ewhip-distro.info\/ro\/wp-json\/wp\/v2\/types\/product"}],"wp:featuredmedia":[{"embeddable":true,"href":"https:\/\/ewhip-distro.info\/ro\/wp-json\/wp\/v2\/media\/31761"}],"wp:attachment":[{"href":"https:\/\/ewhip-distro.info\/ro\/wp-json\/wp\/v2\/media?parent=32037"}],"wp:term":[{"taxonomy":"product_brand","embeddable":true,"href":"https:\/\/ewhip-distro.info\/ro\/wp-json\/wp\/v2\/product_brand?post=32037"},{"taxonomy":"product_cat","embeddable":true,"href":"https:\/\/ewhip-distro.info\/ro\/wp-json\/wp\/v2\/product_cat?post=32037"},{"taxonomy":"product_tag","embeddable":true,"href":"https:\/\/ewhip-distro.info\/ro\/wp-json\/wp\/v2\/product_tag?post=32037"}],"curies":[{"name":"wp","href":"https:\/\/api.w.org\/{rel}","templated":true}]}}