{"id":27616,"date":"2024-04-10T11:44:44","date_gmt":"2024-04-10T11:44:44","guid":{"rendered":"https:\/\/exotic-whip.com\/product\/new-exotic-whip-original-cream-charger-1350-grams\/"},"modified":"2025-04-18T10:56:49","modified_gmt":"2025-04-18T10:56:49","slug":"incarcator-original-pentru-frisca-1350-grame","status":"publish","type":"product","link":"https:\/\/ewhip-distro.info\/ro\/produs\/incarcator-original-pentru-frisca-1350-grame\/","title":{"rendered":"ExoticWhip \u00cenc\u0103rc\u0103tor Original pentru Fri\u0219c\u0103 1350 grame"},"excerpt":{"rendered":"<p>Cartu\u0219ul de frisca de 1350g este cel mai convenabil de p\u00e2n\u0103 acum. Av\u00e2nd o dimensiune intermediar\u0103, este liderul de pia\u021b\u0103 \u00een ceea ce prive\u0219te capacitatea de oxid de azot pentru dimensiunea sa. Con\u021bine oxid de azot N2O de cea mai \u00eenalt\u0103 calitate, fabricat \u00een UE.<\/p>\n<p><strong>Noul design include un cod QR de verificare. <a href=\"https:\/\/ewhip-distro.info\/ro\/verifica-ti-sticla-exoticwhip\/\">Afl\u0103 cum s\u0103 \u00ee\u021bi verifici recipientul.<\/a><\/strong><\/p>\n<p><strong>*Fiecare palet\u0103 de 1350g con\u021bine 60 de cutii (4 cartu\u0219e per cutie)<\/strong><\/p>\n","protected":false},"featured_media":31656,"template":"","meta":{"_acf_changed":false},"product_brand":[],"product_cat":[91,273],"product_tag":[469,470,471],"class_list":{"0":"post-27616","1":"product","2":"type-product","3":"status-publish","4":"has-post-thumbnail","6":"product_cat-cylinders-ro","7":"product_cat-toate","8":"product_tag-cream-charger-ro","9":"product_tag-exotic-ro","10":"product_tag-whip-ro","12":"first","13":"instock","14":"taxable","15":"shipping-taxable","16":"purchasable","17":"product-type-simple"},"acf":[],"_links":{"self":[{"href":"https:\/\/ewhip-distro.info\/ro\/wp-json\/wp\/v2\/product\/27616","targetHints":{"allow":["GET"]}}],"collection":[{"href":"https:\/\/ewhip-distro.info\/ro\/wp-json\/wp\/v2\/product"}],"about":[{"href":"https:\/\/ewhip-distro.info\/ro\/wp-json\/wp\/v2\/types\/product"}],"wp:featuredmedia":[{"embeddable":true,"href":"https:\/\/ewhip-distro.info\/ro\/wp-json\/wp\/v2\/media\/31656"}],"wp:attachment":[{"href":"https:\/\/ewhip-distro.info\/ro\/wp-json\/wp\/v2\/media?parent=27616"}],"wp:term":[{"taxonomy":"product_brand","embeddable":true,"href":"https:\/\/ewhip-distro.info\/ro\/wp-json\/wp\/v2\/product_brand?post=27616"},{"taxonomy":"product_cat","embeddable":true,"href":"https:\/\/ewhip-distro.info\/ro\/wp-json\/wp\/v2\/product_cat?post=27616"},{"taxonomy":"product_tag","embeddable":true,"href":"https:\/\/ewhip-distro.info\/ro\/wp-json\/wp\/v2\/product_tag?post=27616"}],"curies":[{"name":"wp","href":"https:\/\/api.w.org\/{rel}","templated":true}]}}