{"id":24746,"date":"2023-09-06T10:20:55","date_gmt":"2023-09-06T10:20:55","guid":{"rendered":"https:\/\/exotic-whip.com\/product\/coconut-cream-charger-2000-gram\/"},"modified":"2025-02-12T15:47:23","modified_gmt":"2025-02-12T15:47:23","slug":"incarcator-de-frisca-de-cocos-2000-de-grame","status":"publish","type":"product","link":"https:\/\/ewhip-distro.info\/ro\/produs\/incarcator-de-frisca-de-cocos-2000-de-grame\/","title":{"rendered":"Cartu\u0219 de Frisca cu Arom\u0103 de Cocos ExoticWhip de 2000 de grame"},"excerpt":{"rendered":"<p>Nimic nu spune Exotic Whip ca aroma tropical\u0103 de cocos, iar acest cartu\u0219 este un \u00eenc\u0103rc\u0103tor de sm\u00e2nt\u00e2n\u0103 de capacitate maxim\u0103, av\u00e2nd 2000g de arom\u0103 superioar\u0103. Con\u021bin\u00e2nd oxid de azot de calitatea UE obi\u0219nuit\u0103, cartu\u0219ul este conceput pentru comoditate \u0219i siguran\u021b\u0103.<\/p>\n<p><strong>Noul design include un cod QR de verificare. <a href=\"https:\/\/ewhip-distro.info\/ro\/verifica-ti-sticla-exoticwhip\/\">Afl\u0103 cum s\u0103 \u00ee\u021bi verifici recipientul.<\/a><\/strong><\/p>\n<p><strong>*Fiecare palet\u0103 de 2kg con\u021bine 162 de cutii (1 cartu\u0219 per cutie)<\/strong><\/p>\n","protected":false},"featured_media":31913,"template":"","meta":{"_acf_changed":false},"product_brand":[],"product_cat":[91,273],"product_tag":[469,470,471],"class_list":{"0":"post-24746","1":"product","2":"type-product","3":"status-publish","4":"has-post-thumbnail","6":"product_cat-cylinders-ro","7":"product_cat-toate","8":"product_tag-cream-charger-ro","9":"product_tag-exotic-ro","10":"product_tag-whip-ro","12":"first","13":"instock","14":"taxable","15":"shipping-taxable","16":"purchasable","17":"product-type-simple"},"acf":[],"_links":{"self":[{"href":"https:\/\/ewhip-distro.info\/ro\/wp-json\/wp\/v2\/product\/24746","targetHints":{"allow":["GET"]}}],"collection":[{"href":"https:\/\/ewhip-distro.info\/ro\/wp-json\/wp\/v2\/product"}],"about":[{"href":"https:\/\/ewhip-distro.info\/ro\/wp-json\/wp\/v2\/types\/product"}],"wp:featuredmedia":[{"embeddable":true,"href":"https:\/\/ewhip-distro.info\/ro\/wp-json\/wp\/v2\/media\/31913"}],"wp:attachment":[{"href":"https:\/\/ewhip-distro.info\/ro\/wp-json\/wp\/v2\/media?parent=24746"}],"wp:term":[{"taxonomy":"product_brand","embeddable":true,"href":"https:\/\/ewhip-distro.info\/ro\/wp-json\/wp\/v2\/product_brand?post=24746"},{"taxonomy":"product_cat","embeddable":true,"href":"https:\/\/ewhip-distro.info\/ro\/wp-json\/wp\/v2\/product_cat?post=24746"},{"taxonomy":"product_tag","embeddable":true,"href":"https:\/\/ewhip-distro.info\/ro\/wp-json\/wp\/v2\/product_tag?post=24746"}],"curies":[{"name":"wp","href":"https:\/\/api.w.org\/{rel}","templated":true}]}}