{"id":24733,"date":"2023-09-06T10:20:54","date_gmt":"2023-09-06T10:20:54","guid":{"rendered":"https:\/\/exotic-whip.com\/product\/strawberry-cream-charger-2000-gram\/"},"modified":"2025-02-12T15:42:38","modified_gmt":"2025-02-12T15:42:38","slug":"incarcator-de-frisca-cu-aroma-de-capsuni-2000-de-grame","status":"publish","type":"product","link":"https:\/\/ewhip-distro.info\/ro\/produs\/incarcator-de-frisca-cu-aroma-de-capsuni-2000-de-grame\/","title":{"rendered":"Cartu\u0219 de Frisca cu Arom\u0103 de C\u0103p\u0219uni ExoticWhip de 2000 de grame"},"excerpt":{"rendered":"<p>2000g de arom\u0103 intens\u0103 de c\u0103p\u0219uni. \u00cen acest recipient practic cu curea, ve\u021bi g\u0103si oxid de azot de superioar\u0103 calitate din UE, produs sub protocoale stricte de siguran\u021b\u0103. Designul este la fel de viu ca \u00eentotdeauna.<\/p>\n<p><strong>Noul design include un cod QR de verificare. <a href=\"https:\/\/ewhip-distro.info\/ro\/verifica-ti-sticla-exoticwhip\/\">Afl\u0103 cum s\u0103 \u00ee\u021bi verifici recipientul.<\/a><\/strong><\/p>\n<p><strong>*Fiecare palet\u0103 de 2kg con\u021bine 162 de cutii (1 cartu\u0219 per cutie)<\/strong><\/p>\n","protected":false},"featured_media":31840,"template":"","meta":{"_acf_changed":false},"product_brand":[],"product_cat":[91,273],"product_tag":[469,470,471],"class_list":{"0":"post-24733","1":"product","2":"type-product","3":"status-publish","4":"has-post-thumbnail","6":"product_cat-cylinders-ro","7":"product_cat-toate","8":"product_tag-cream-charger-ro","9":"product_tag-exotic-ro","10":"product_tag-whip-ro","12":"first","13":"instock","14":"taxable","15":"shipping-taxable","16":"purchasable","17":"product-type-simple"},"acf":[],"_links":{"self":[{"href":"https:\/\/ewhip-distro.info\/ro\/wp-json\/wp\/v2\/product\/24733","targetHints":{"allow":["GET"]}}],"collection":[{"href":"https:\/\/ewhip-distro.info\/ro\/wp-json\/wp\/v2\/product"}],"about":[{"href":"https:\/\/ewhip-distro.info\/ro\/wp-json\/wp\/v2\/types\/product"}],"wp:featuredmedia":[{"embeddable":true,"href":"https:\/\/ewhip-distro.info\/ro\/wp-json\/wp\/v2\/media\/31840"}],"wp:attachment":[{"href":"https:\/\/ewhip-distro.info\/ro\/wp-json\/wp\/v2\/media?parent=24733"}],"wp:term":[{"taxonomy":"product_brand","embeddable":true,"href":"https:\/\/ewhip-distro.info\/ro\/wp-json\/wp\/v2\/product_brand?post=24733"},{"taxonomy":"product_cat","embeddable":true,"href":"https:\/\/ewhip-distro.info\/ro\/wp-json\/wp\/v2\/product_cat?post=24733"},{"taxonomy":"product_tag","embeddable":true,"href":"https:\/\/ewhip-distro.info\/ro\/wp-json\/wp\/v2\/product_tag?post=24733"}],"curies":[{"name":"wp","href":"https:\/\/api.w.org\/{rel}","templated":true}]}}