{"id":22702,"date":"2023-04-06T07:55:10","date_gmt":"2023-04-06T07:55:12","guid":{"rendered":"https:\/\/exotic-whip.com\/?post_type=product&#038;p=22702"},"modified":"2025-02-12T15:08:42","modified_gmt":"2025-02-12T15:08:42","slug":"butelie-oxid-de-azot-670-grame-n2o","status":"publish","type":"product","link":"https:\/\/ewhip-distro.info\/ro\/produs\/butelie-oxid-de-azot-670-grame-n2o\/","title":{"rendered":"Cartu\u0219 de Frisca cu Arom\u0103 de Cocos Exotic Whip de 670 de grame"},"excerpt":{"rendered":"<p>Recipientul standard de 670g este umplut cu o arom\u0103 superioar\u0103 de cocos \u0219i r\u0103m\u00e2ne \u00een continuare oxidul de azot de cea mai bun\u0103 calitate din UE de pe pia\u021b\u0103. Dimensiunea noastr\u0103 original\u0103, \u00eentr-un design care atrage privirile, este cartu\u0219ul cu cea mai bun\u0103 capacitate, datorit\u0103 standardelor noastre de compresie.<\/p>\n<p><strong>Noul design include un cod QR de verificare. <a href=\"https:\/\/ewhip-distro.info\/ro\/verifica-ti-sticla-exoticwhip\/\">Afl\u0103 cum s\u0103 \u00ee\u021bi verifici recipientul.<\/a><\/strong><\/p>\n<p><strong>*Fiecare palet\u0103 de 670g con\u021bine 75 de cutii (6 cartu\u0219e per cutie)<\/strong><\/p>\n","protected":false},"featured_media":31737,"template":"","meta":{"_acf_changed":false},"product_brand":[],"product_cat":[91,273],"product_tag":[469,470,471],"class_list":{"0":"post-22702","1":"product","2":"type-product","3":"status-publish","4":"has-post-thumbnail","6":"product_cat-cylinders-ro","7":"product_cat-toate","8":"product_tag-cream-charger-ro","9":"product_tag-exotic-ro","10":"product_tag-whip-ro","12":"first","13":"instock","14":"taxable","15":"shipping-taxable","16":"purchasable","17":"product-type-simple"},"acf":[],"_links":{"self":[{"href":"https:\/\/ewhip-distro.info\/ro\/wp-json\/wp\/v2\/product\/22702","targetHints":{"allow":["GET"]}}],"collection":[{"href":"https:\/\/ewhip-distro.info\/ro\/wp-json\/wp\/v2\/product"}],"about":[{"href":"https:\/\/ewhip-distro.info\/ro\/wp-json\/wp\/v2\/types\/product"}],"wp:featuredmedia":[{"embeddable":true,"href":"https:\/\/ewhip-distro.info\/ro\/wp-json\/wp\/v2\/media\/31737"}],"wp:attachment":[{"href":"https:\/\/ewhip-distro.info\/ro\/wp-json\/wp\/v2\/media?parent=22702"}],"wp:term":[{"taxonomy":"product_brand","embeddable":true,"href":"https:\/\/ewhip-distro.info\/ro\/wp-json\/wp\/v2\/product_brand?post=22702"},{"taxonomy":"product_cat","embeddable":true,"href":"https:\/\/ewhip-distro.info\/ro\/wp-json\/wp\/v2\/product_cat?post=22702"},{"taxonomy":"product_tag","embeddable":true,"href":"https:\/\/ewhip-distro.info\/ro\/wp-json\/wp\/v2\/product_tag?post=22702"}],"curies":[{"name":"wp","href":"https:\/\/api.w.org\/{rel}","templated":true}]}}