{"id":19256,"date":"2022-10-03T11:48:04","date_gmt":"2022-10-03T11:48:04","guid":{"rendered":"https:\/\/exotic-whip.com\/product\/2000-grams-n2o-cream-charger\/"},"modified":"2025-02-12T15:33:46","modified_gmt":"2025-02-12T15:33:46","slug":"protoxid-de-azot-2000-grame-n2o","status":"publish","type":"product","link":"https:\/\/ewhip-distro.info\/ro\/produs\/protoxid-de-azot-2000-grame-n2o\/","title":{"rendered":"Cartu\u0219 Original pentru Frisca Exotic Whip de 2000 de grame"},"excerpt":{"rendered":"<p>Cel mai mare cartu\u0219 de sm\u00e2nt\u00e2n\u0103 din gama noastr\u0103 con\u021bine oxid de azot de cea mai bun\u0103 calitate din UE. Designul r\u0103m\u00e2ne atr\u0103g\u0103tor, iar recipientul, produs \u00een conformitate cu protocoale stricte de siguran\u021b\u0103, este prev\u0103zut cu o curea convenabil\u0103.<\/p>\n<p><strong>Noul design include un cod QR de verificare. <a href=\"https:\/\/ewhip-distro.info\/ro\/verifica-ti-sticla-exoticwhip\/\">Afl\u0103 cum s\u0103 \u00ee\u021bi verifici recipientul.<\/a><\/strong><\/p>\n<p><strong>*Fiecare palet\u0103 de 2kg con\u021bine 162 de cutii (1 cartu\u0219 per cutie)<\/strong><\/p>\n","protected":false},"featured_media":31825,"template":"","meta":{"_acf_changed":false},"product_brand":[],"product_cat":[91,273],"product_tag":[469,470,471],"class_list":{"0":"post-19256","1":"product","2":"type-product","3":"status-publish","4":"has-post-thumbnail","6":"product_cat-cylinders-ro","7":"product_cat-toate","8":"product_tag-cream-charger-ro","9":"product_tag-exotic-ro","10":"product_tag-whip-ro","12":"first","13":"instock","14":"taxable","15":"shipping-taxable","16":"purchasable","17":"product-type-simple"},"acf":[],"_links":{"self":[{"href":"https:\/\/ewhip-distro.info\/ro\/wp-json\/wp\/v2\/product\/19256","targetHints":{"allow":["GET"]}}],"collection":[{"href":"https:\/\/ewhip-distro.info\/ro\/wp-json\/wp\/v2\/product"}],"about":[{"href":"https:\/\/ewhip-distro.info\/ro\/wp-json\/wp\/v2\/types\/product"}],"wp:featuredmedia":[{"embeddable":true,"href":"https:\/\/ewhip-distro.info\/ro\/wp-json\/wp\/v2\/media\/31825"}],"wp:attachment":[{"href":"https:\/\/ewhip-distro.info\/ro\/wp-json\/wp\/v2\/media?parent=19256"}],"wp:term":[{"taxonomy":"product_brand","embeddable":true,"href":"https:\/\/ewhip-distro.info\/ro\/wp-json\/wp\/v2\/product_brand?post=19256"},{"taxonomy":"product_cat","embeddable":true,"href":"https:\/\/ewhip-distro.info\/ro\/wp-json\/wp\/v2\/product_cat?post=19256"},{"taxonomy":"product_tag","embeddable":true,"href":"https:\/\/ewhip-distro.info\/ro\/wp-json\/wp\/v2\/product_tag?post=19256"}],"curies":[{"name":"wp","href":"https:\/\/api.w.org\/{rel}","templated":true}]}}