{"id":32036,"date":"2024-11-15T12:15:38","date_gmt":"2024-11-15T12:15:38","guid":{"rendered":"https:\/\/exotic-whip.com\/product\/exoticwhip-coconut-cream-charger-1350-gram\/"},"modified":"2025-04-18T10:51:25","modified_gmt":"2025-04-18T10:51:25","slug":"caricatore-di-panna-al-cocco-1350-grammi","status":"publish","type":"product","link":"https:\/\/ewhip-distro.info\/it\/prodotto\/caricatore-di-panna-al-cocco-1350-grammi\/","title":{"rendered":"ExoticWhip Caricatore di Panna al Cocco 1350 grammi"},"excerpt":{"rendered":"<p>Il caricatore da 1350g \u00e8 la nostra dimensione pi\u00f9 conveniente finora. Perfettamente bilanciato in termini di dimensioni, il 1350g \u00e8 il leader del mercato nel protossido di azoto AROMATIZZATO; questo caricatore al Cocco \u00e8 il massimo dell&#8217;ESOTICO, contenendo N2O di altissima qualit\u00e0 prodotto nell&#8217;UE.<\/p>\n<p><strong>Il nuovo design include un codice QR per la verifica. <a href=\"https:\/\/ewhip-distro.info\/it\/verifica-la-tua-bottiglia-exoticwhip\/\">Scopri come verificare la tua bottiglia.<\/a><\/strong><\/p>\n<p><strong>*Ogni pallet di 1350g contiene 60 scatole (4 bombole per scatola)<\/strong><\/p>\n","protected":false},"featured_media":31760,"template":"","meta":{"_acf_changed":false},"product_brand":[],"product_cat":[],"product_tag":[466,467,468],"class_list":{"0":"post-32036","1":"product","2":"type-product","3":"status-publish","4":"has-post-thumbnail","6":"product_tag-cream-charger-it","7":"product_tag-exotic-it","8":"product_tag-whip-it","10":"first","11":"instock","12":"taxable","13":"shipping-taxable","14":"purchasable","15":"product-type-simple"},"acf":[],"_links":{"self":[{"href":"https:\/\/ewhip-distro.info\/it\/wp-json\/wp\/v2\/product\/32036","targetHints":{"allow":["GET"]}}],"collection":[{"href":"https:\/\/ewhip-distro.info\/it\/wp-json\/wp\/v2\/product"}],"about":[{"href":"https:\/\/ewhip-distro.info\/it\/wp-json\/wp\/v2\/types\/product"}],"wp:featuredmedia":[{"embeddable":true,"href":"https:\/\/ewhip-distro.info\/it\/wp-json\/wp\/v2\/media\/31760"}],"wp:attachment":[{"href":"https:\/\/ewhip-distro.info\/it\/wp-json\/wp\/v2\/media?parent=32036"}],"wp:term":[{"taxonomy":"product_brand","embeddable":true,"href":"https:\/\/ewhip-distro.info\/it\/wp-json\/wp\/v2\/product_brand?post=32036"},{"taxonomy":"product_cat","embeddable":true,"href":"https:\/\/ewhip-distro.info\/it\/wp-json\/wp\/v2\/product_cat?post=32036"},{"taxonomy":"product_tag","embeddable":true,"href":"https:\/\/ewhip-distro.info\/it\/wp-json\/wp\/v2\/product_tag?post=32036"}],"curies":[{"name":"wp","href":"https:\/\/api.w.org\/{rel}","templated":true}]}}