{"id":27615,"date":"2024-04-10T11:44:44","date_gmt":"2024-04-10T11:44:44","guid":{"rendered":"https:\/\/exotic-whip.com\/product\/new-exotic-whip-original-cream-charger-1350-grams\/"},"modified":"2025-04-18T10:51:54","modified_gmt":"2025-04-18T10:51:54","slug":"caricatore-di-panna-originale-1350-grammi","status":"publish","type":"product","link":"https:\/\/ewhip-distro.info\/it\/prodotto\/caricatore-di-panna-originale-1350-grammi\/","title":{"rendered":"ExoticWhip Caricatore di Panna Originale 1350 grammi"},"excerpt":{"rendered":"<p>La bomboletta da 1350g \u00e8 la nostra dimensione pi\u00f9 pratica finora. Posizionata nel mezzo in termini di dimensioni, la da 1350g \u00e8 leader di mercato nella capacit\u00e0 di ossido di azoto per la sua dimensione. Contiene ossido di azoto N2O della migliore qualit\u00e0 prodotto in UE.<\/p>\n<p><strong>Il nuovo design include un codice QR per la verifica. <a href=\"https:\/\/ewhip-distro.info\/it\/verifica-la-tua-bottiglia-exoticwhip\/\">Scopri come verificare la tua bottiglia.<\/a><\/strong><\/p>\n<p><strong>*Ogni pallet di 1350g contiene 60 scatole (4 bombole per scatola)<\/strong><\/p>\n","protected":false},"featured_media":31655,"template":"","meta":{"_acf_changed":false},"product_brand":[],"product_cat":[90,272],"product_tag":[466,467,468],"class_list":{"0":"post-27615","1":"product","2":"type-product","3":"status-publish","4":"has-post-thumbnail","6":"product_cat-cylinders-it","7":"product_cat-tutti","8":"product_tag-cream-charger-it","9":"product_tag-exotic-it","10":"product_tag-whip-it","12":"first","13":"instock","14":"taxable","15":"shipping-taxable","16":"purchasable","17":"product-type-simple"},"acf":[],"_links":{"self":[{"href":"https:\/\/ewhip-distro.info\/it\/wp-json\/wp\/v2\/product\/27615","targetHints":{"allow":["GET"]}}],"collection":[{"href":"https:\/\/ewhip-distro.info\/it\/wp-json\/wp\/v2\/product"}],"about":[{"href":"https:\/\/ewhip-distro.info\/it\/wp-json\/wp\/v2\/types\/product"}],"wp:featuredmedia":[{"embeddable":true,"href":"https:\/\/ewhip-distro.info\/it\/wp-json\/wp\/v2\/media\/31655"}],"wp:attachment":[{"href":"https:\/\/ewhip-distro.info\/it\/wp-json\/wp\/v2\/media?parent=27615"}],"wp:term":[{"taxonomy":"product_brand","embeddable":true,"href":"https:\/\/ewhip-distro.info\/it\/wp-json\/wp\/v2\/product_brand?post=27615"},{"taxonomy":"product_cat","embeddable":true,"href":"https:\/\/ewhip-distro.info\/it\/wp-json\/wp\/v2\/product_cat?post=27615"},{"taxonomy":"product_tag","embeddable":true,"href":"https:\/\/ewhip-distro.info\/it\/wp-json\/wp\/v2\/product_tag?post=27615"}],"curies":[{"name":"wp","href":"https:\/\/api.w.org\/{rel}","templated":true}]}}