{"id":24757,"date":"2023-09-06T10:20:39","date_gmt":"2023-09-06T10:20:39","guid":{"rendered":"https:\/\/exotic-whip.com\/product\/original-cream-charger-640-gram\/"},"modified":"2025-02-12T15:12:24","modified_gmt":"2025-02-12T15:12:24","slug":"670-gram-cylinder","status":"publish","type":"product","link":"https:\/\/ewhip-distro.info\/it\/prodotto\/670-gram-cylinder\/","title":{"rendered":"Bomboletta di Panna Originale ExoticWhip da 670 grammi"},"excerpt":{"rendered":"<p>La classica bomboletta da 670g \u00e8 riempita con ossido di azoto di premium qualit\u00e0 UE. Grazie ai nostri standard di compressione, la nostra classica da 670g ha la pi\u00f9 alta capacit\u00e0 del mercato per le sue dimensioni e, come sempre, in un design che ci distingue.<\/p>\n<p><strong>Il nuovo design include un codice QR per la verifica. <a href=\"https:\/\/ewhip-distro.info\/it\/verifica-la-tua-bottiglia-exoticwhip\/\">Scopri come verificare la tua bottiglia.<\/a><\/strong><\/p>\n<p><strong>*Ogni pallet di 670g contiene 75 scatole (6 bombole per scatola)<\/strong><\/p>\n","protected":false},"featured_media":31575,"template":"","meta":{"_acf_changed":false},"product_brand":[],"product_cat":[90,272],"product_tag":[466,467,468],"class_list":{"0":"post-24757","1":"product","2":"type-product","3":"status-publish","4":"has-post-thumbnail","6":"product_cat-cylinders-it","7":"product_cat-tutti","8":"product_tag-cream-charger-it","9":"product_tag-exotic-it","10":"product_tag-whip-it","12":"first","13":"instock","14":"taxable","15":"shipping-taxable","16":"purchasable","17":"product-type-simple"},"acf":[],"_links":{"self":[{"href":"https:\/\/ewhip-distro.info\/it\/wp-json\/wp\/v2\/product\/24757","targetHints":{"allow":["GET"]}}],"collection":[{"href":"https:\/\/ewhip-distro.info\/it\/wp-json\/wp\/v2\/product"}],"about":[{"href":"https:\/\/ewhip-distro.info\/it\/wp-json\/wp\/v2\/types\/product"}],"wp:featuredmedia":[{"embeddable":true,"href":"https:\/\/ewhip-distro.info\/it\/wp-json\/wp\/v2\/media\/31575"}],"wp:attachment":[{"href":"https:\/\/ewhip-distro.info\/it\/wp-json\/wp\/v2\/media?parent=24757"}],"wp:term":[{"taxonomy":"product_brand","embeddable":true,"href":"https:\/\/ewhip-distro.info\/it\/wp-json\/wp\/v2\/product_brand?post=24757"},{"taxonomy":"product_cat","embeddable":true,"href":"https:\/\/ewhip-distro.info\/it\/wp-json\/wp\/v2\/product_cat?post=24757"},{"taxonomy":"product_tag","embeddable":true,"href":"https:\/\/ewhip-distro.info\/it\/wp-json\/wp\/v2\/product_tag?post=24757"}],"curies":[{"name":"wp","href":"https:\/\/api.w.org\/{rel}","templated":true}]}}