{"id":24745,"date":"2023-09-06T10:20:55","date_gmt":"2023-09-06T10:20:55","guid":{"rendered":"https:\/\/exotic-whip.com\/product\/coconut-cream-charger-2000-gram\/"},"modified":"2025-02-12T15:46:55","modified_gmt":"2025-02-12T15:46:55","slug":"caricatore-di-panna-al-cocco-da-2000-grammi","status":"publish","type":"product","link":"https:\/\/ewhip-distro.info\/it\/prodotto\/caricatore-di-panna-al-cocco-da-2000-grammi\/","title":{"rendered":"Bomboletta di Panna al Cocco ExoticWhip da 2000 grammi"},"excerpt":{"rendered":"<p>Niente dice Exotic Whip come il cocco tropicale e questa bomboletta \u00e8 una carica di panna di massima capacit\u00e0 che contiene 2000g di sapore superiore. Contenente il solito ossido di azoto di qualit\u00e0 UE, la bomboletta \u00e8 progettata per praticit\u00e0 e sicurezza.<\/p>\n<p><strong>Il nuovo design include un codice QR per la verifica. <a href=\"https:\/\/ewhip-distro.info\/it\/verifica-la-tua-bottiglia-exoticwhip\/\">Scopri come verificare la tua bottiglia.<\/a><\/strong><\/p>\n<p><strong>*Ogni pallet di 2kg contiene 162 scatole (1 bombola per scatola)<\/strong><\/p>\n","protected":false},"featured_media":31912,"template":"","meta":{"_acf_changed":false},"product_brand":[],"product_cat":[90,272],"product_tag":[466,467,468],"class_list":{"0":"post-24745","1":"product","2":"type-product","3":"status-publish","4":"has-post-thumbnail","6":"product_cat-cylinders-it","7":"product_cat-tutti","8":"product_tag-cream-charger-it","9":"product_tag-exotic-it","10":"product_tag-whip-it","12":"first","13":"instock","14":"taxable","15":"shipping-taxable","16":"purchasable","17":"product-type-simple"},"acf":[],"_links":{"self":[{"href":"https:\/\/ewhip-distro.info\/it\/wp-json\/wp\/v2\/product\/24745","targetHints":{"allow":["GET"]}}],"collection":[{"href":"https:\/\/ewhip-distro.info\/it\/wp-json\/wp\/v2\/product"}],"about":[{"href":"https:\/\/ewhip-distro.info\/it\/wp-json\/wp\/v2\/types\/product"}],"wp:featuredmedia":[{"embeddable":true,"href":"https:\/\/ewhip-distro.info\/it\/wp-json\/wp\/v2\/media\/31912"}],"wp:attachment":[{"href":"https:\/\/ewhip-distro.info\/it\/wp-json\/wp\/v2\/media?parent=24745"}],"wp:term":[{"taxonomy":"product_brand","embeddable":true,"href":"https:\/\/ewhip-distro.info\/it\/wp-json\/wp\/v2\/product_brand?post=24745"},{"taxonomy":"product_cat","embeddable":true,"href":"https:\/\/ewhip-distro.info\/it\/wp-json\/wp\/v2\/product_cat?post=24745"},{"taxonomy":"product_tag","embeddable":true,"href":"https:\/\/ewhip-distro.info\/it\/wp-json\/wp\/v2\/product_tag?post=24745"}],"curies":[{"name":"wp","href":"https:\/\/api.w.org\/{rel}","templated":true}]}}