{"id":22701,"date":"2023-04-06T07:55:10","date_gmt":"2023-04-06T07:55:11","guid":{"rendered":"https:\/\/exotic-whip.com\/?post_type=product&#038;p=22701"},"modified":"2025-02-12T15:08:01","modified_gmt":"2025-02-12T15:08:01","slug":"ricarica-per-panna-montata-al-gusto-di-cocco-n2o-670-grammi","status":"publish","type":"product","link":"https:\/\/ewhip-distro.info\/it\/prodotto\/ricarica-per-panna-montata-al-gusto-di-cocco-n2o-670-grammi\/","title":{"rendered":"Bomboletta di Panna al Cocco ExoticWhip da 670 grammi"},"excerpt":{"rendered":"<p>La bomboletta standard da 670g \u00e8 riempita con sapore superiore di cocco e rimane il miglior ossido di azoto di qualit\u00e0 UE sul mercato. La nostra dimensione originale in un design accattivante \u00e8 la bomboletta di migliore capacit\u00e0, grazie ai nostri standard di compressione.<\/p>\n<p><strong>Il nuovo design include un codice QR per la verifica. <a href=\"https:\/\/ewhip-distro.info\/it\/verifica-la-tua-bottiglia-exoticwhip\/\">Scopri come verificare la tua bottiglia.<\/a><\/strong><\/p>\n<p><strong>*Ogni pallet di 670g contiene 75 scatole (6 bombole per scatola)<\/strong><\/p>\n","protected":false},"featured_media":31736,"template":"","meta":{"_acf_changed":false},"product_brand":[],"product_cat":[90,272],"product_tag":[466,467,468],"class_list":{"0":"post-22701","1":"product","2":"type-product","3":"status-publish","4":"has-post-thumbnail","6":"product_cat-cylinders-it","7":"product_cat-tutti","8":"product_tag-cream-charger-it","9":"product_tag-exotic-it","10":"product_tag-whip-it","12":"first","13":"instock","14":"taxable","15":"shipping-taxable","16":"purchasable","17":"product-type-simple"},"acf":[],"_links":{"self":[{"href":"https:\/\/ewhip-distro.info\/it\/wp-json\/wp\/v2\/product\/22701","targetHints":{"allow":["GET"]}}],"collection":[{"href":"https:\/\/ewhip-distro.info\/it\/wp-json\/wp\/v2\/product"}],"about":[{"href":"https:\/\/ewhip-distro.info\/it\/wp-json\/wp\/v2\/types\/product"}],"wp:featuredmedia":[{"embeddable":true,"href":"https:\/\/ewhip-distro.info\/it\/wp-json\/wp\/v2\/media\/31736"}],"wp:attachment":[{"href":"https:\/\/ewhip-distro.info\/it\/wp-json\/wp\/v2\/media?parent=22701"}],"wp:term":[{"taxonomy":"product_brand","embeddable":true,"href":"https:\/\/ewhip-distro.info\/it\/wp-json\/wp\/v2\/product_brand?post=22701"},{"taxonomy":"product_cat","embeddable":true,"href":"https:\/\/ewhip-distro.info\/it\/wp-json\/wp\/v2\/product_cat?post=22701"},{"taxonomy":"product_tag","embeddable":true,"href":"https:\/\/ewhip-distro.info\/it\/wp-json\/wp\/v2\/product_tag?post=22701"}],"curies":[{"name":"wp","href":"https:\/\/api.w.org\/{rel}","templated":true}]}}