{"id":19244,"date":"2022-10-03T11:48:04","date_gmt":"2022-10-03T11:48:04","guid":{"rendered":"https:\/\/exotic-whip.com\/product\/2000-grams-n2o-cream-charger\/"},"modified":"2025-02-12T15:33:19","modified_gmt":"2025-02-12T15:33:19","slug":"protossido-di-azoto-nos-2000-grammi-n2o","status":"publish","type":"product","link":"https:\/\/ewhip-distro.info\/it\/prodotto\/protossido-di-azoto-nos-2000-grammi-n2o\/","title":{"rendered":"Bomboletta di Panna Originale ExoticWhip da 2000 grammi"},"excerpt":{"rendered":"<p>La nostra bomboletta di massima capacit\u00e0 contiene il miglior ossido di azoto di qualit\u00e0 UE. Il design rimane vivace e la bomboletta, prodotta seguendo rigidi protocolli di sicurezza, \u00e8 dotata di una pratica cinghia.<\/p>\n<p><strong>Il nuovo design include un codice QR per la verifica. <a href=\"https:\/\/ewhip-distro.info\/it\/verifica-la-tua-bottiglia-exoticwhip\/\">Scopri come verificare la tua bottiglia.<\/a><\/strong><\/p>\n<p><strong>*Ogni pallet di 2kg contiene 162 scatole (1 bombola per scatola)<\/strong><\/p>\n","protected":false},"featured_media":31831,"template":"","meta":{"_acf_changed":false},"product_brand":[],"product_cat":[90,272],"product_tag":[466,467,468],"class_list":{"0":"post-19244","1":"product","2":"type-product","3":"status-publish","4":"has-post-thumbnail","6":"product_cat-cylinders-it","7":"product_cat-tutti","8":"product_tag-cream-charger-it","9":"product_tag-exotic-it","10":"product_tag-whip-it","12":"first","13":"instock","14":"taxable","15":"shipping-taxable","16":"purchasable","17":"product-type-simple"},"acf":[],"_links":{"self":[{"href":"https:\/\/ewhip-distro.info\/it\/wp-json\/wp\/v2\/product\/19244","targetHints":{"allow":["GET"]}}],"collection":[{"href":"https:\/\/ewhip-distro.info\/it\/wp-json\/wp\/v2\/product"}],"about":[{"href":"https:\/\/ewhip-distro.info\/it\/wp-json\/wp\/v2\/types\/product"}],"wp:featuredmedia":[{"embeddable":true,"href":"https:\/\/ewhip-distro.info\/it\/wp-json\/wp\/v2\/media\/31831"}],"wp:attachment":[{"href":"https:\/\/ewhip-distro.info\/it\/wp-json\/wp\/v2\/media?parent=19244"}],"wp:term":[{"taxonomy":"product_brand","embeddable":true,"href":"https:\/\/ewhip-distro.info\/it\/wp-json\/wp\/v2\/product_brand?post=19244"},{"taxonomy":"product_cat","embeddable":true,"href":"https:\/\/ewhip-distro.info\/it\/wp-json\/wp\/v2\/product_cat?post=19244"},{"taxonomy":"product_tag","embeddable":true,"href":"https:\/\/ewhip-distro.info\/it\/wp-json\/wp\/v2\/product_tag?post=19244"}],"curies":[{"name":"wp","href":"https:\/\/api.w.org\/{rel}","templated":true}]}}