{"id":32323,"date":"2024-11-15T13:31:24","date_gmt":"2024-11-15T13:31:24","guid":{"rendered":"https:\/\/exotic-whip.com\/product\/blueberry-cream-charger-670-gram\/"},"modified":"2025-01-22T10:34:47","modified_gmt":"2025-01-22T10:34:47","slug":"cartouche-creme-myrtille-670-grammes","status":"publish","type":"product","link":"https:\/\/ewhip-distro.info\/fr\/produit\/cartouche-creme-myrtille-670-grammes\/","title":{"rendered":"NOUVEAU ExoticWhip Cartouche de Cr\u00e8me Myrtille 670 grammes"},"excerpt":{"rendered":"<p>Douce, onctueuse et d\u00e9licieusement audacieuse \u2013 notre Cartouche de Cr\u00e8me ExoticWhip parfum Myrtille de 670g apporte le go\u00fbt de baies fra\u00eechement cueillies \u00e0 vos cr\u00e9ations. C&rsquo;est l&rsquo;\u00e9quilibre parfait entre fruit\u00e9 et fra\u00eecheur, id\u00e9al pour ajouter une touche de douceur \u00e0 vos boissons, desserts et garnitures ! Compatible avec <a href=\"https:\/\/ewhip-distro.info\/fr\/produit\/exotic-whip-creamer\/\">le siphon ExoticWhip !<\/a><\/p>\n<p><strong>Ce produit est vendu uniquement dans une bo\u00eete de six saveurs mixtes !<\/strong><\/p>\n<p><strong>Le nouveau design inclut un code QR de v\u00e9rification. <a href=\"https:\/\/ewhip-distro.info\/fr\/verifiez-votre-bouteille-exoticwhip\/\">Apprenez comment v\u00e9rifier votre bouteille.<\/a><\/strong><\/p>\n<p><strong>*Chaque palette de 670g contient 75 caisses (6 cartouches par caisse)<\/strong><\/p>\n","protected":false},"featured_media":31959,"template":"","meta":{"_acf_changed":false},"product_brand":[],"product_cat":[66,270],"product_tag":[481,479,480],"class_list":{"0":"post-32323","1":"product","2":"type-product","3":"status-publish","4":"has-post-thumbnail","6":"product_cat-cylinders-fr","7":"product_cat-tous","8":"product_tag-cream-charger-fr","9":"product_tag-exotic-fr","10":"product_tag-whip-fr","12":"first","13":"instock","14":"taxable","15":"shipping-taxable","16":"purchasable","17":"product-type-simple"},"acf":[],"_links":{"self":[{"href":"https:\/\/ewhip-distro.info\/fr\/wp-json\/wp\/v2\/product\/32323","targetHints":{"allow":["GET"]}}],"collection":[{"href":"https:\/\/ewhip-distro.info\/fr\/wp-json\/wp\/v2\/product"}],"about":[{"href":"https:\/\/ewhip-distro.info\/fr\/wp-json\/wp\/v2\/types\/product"}],"wp:featuredmedia":[{"embeddable":true,"href":"https:\/\/ewhip-distro.info\/fr\/wp-json\/wp\/v2\/media\/31959"}],"wp:attachment":[{"href":"https:\/\/ewhip-distro.info\/fr\/wp-json\/wp\/v2\/media?parent=32323"}],"wp:term":[{"taxonomy":"product_brand","embeddable":true,"href":"https:\/\/ewhip-distro.info\/fr\/wp-json\/wp\/v2\/product_brand?post=32323"},{"taxonomy":"product_cat","embeddable":true,"href":"https:\/\/ewhip-distro.info\/fr\/wp-json\/wp\/v2\/product_cat?post=32323"},{"taxonomy":"product_tag","embeddable":true,"href":"https:\/\/ewhip-distro.info\/fr\/wp-json\/wp\/v2\/product_tag?post=32323"}],"curies":[{"name":"wp","href":"https:\/\/api.w.org\/{rel}","templated":true}]}}