{"id":32309,"date":"2024-11-15T13:07:59","date_gmt":"2024-11-15T13:07:59","guid":{"rendered":"https:\/\/exotic-whip.com\/product\/green-apple-cream-charger-670-gram\/"},"modified":"2025-01-22T10:25:13","modified_gmt":"2025-01-22T10:25:13","slug":"cartouche-creme-pomme-verte-670-grammes","status":"publish","type":"product","link":"https:\/\/ewhip-distro.info\/fr\/produit\/cartouche-creme-pomme-verte-670-grammes\/","title":{"rendered":"NOUVEAU ExoticWhip Cartouche de Cr\u00e8me Pomme Verte 670 grammes"},"excerpt":{"rendered":"<p>Croquante, fra\u00eeche et juteuse \u2013 d\u00e9couvrez la Cartouche de Cr\u00e8me ExoticWhip parfum Pomme de 670g. \u00c0 chaque utilisation, vous retrouvez le go\u00fbt vif et rafra\u00eechissant d&rsquo;une pomme fra\u00eechement cueillie. Pour des cr\u00e9ations fruit\u00e9es et rafra\u00eechissantes, cette saveur Pomme est id\u00e9ale. Rafra\u00eechissez vos cr\u00e9ations avec une touche irr\u00e9sistible ! Compatible avec <a href=\"https:\/\/ewhip-distro.info\/fr\/produit\/exotic-whip-creamer\/\">le siphon ExoticWhip !<\/a><\/p>\n<p><strong>Ce produit est vendu uniquement dans une bo\u00eete de six saveurs mixtes !<\/strong><\/p>\n<p><strong>Le nouveau design inclut un code QR de v\u00e9rification. <a href=\"https:\/\/ewhip-distro.info\/fr\/verifiez-votre-bouteille-exoticwhip\/\">Apprenez comment v\u00e9rifier votre bouteille.<\/a><\/strong><\/p>\n<p><strong>*Chaque palette de 670g contient 75 caisses (6 cartouches par caisse)<\/strong><\/p>\n","protected":false},"featured_media":31885,"template":"","meta":{"_acf_changed":false},"product_brand":[],"product_cat":[66,270],"product_tag":[481,479,480],"class_list":{"0":"post-32309","1":"product","2":"type-product","3":"status-publish","4":"has-post-thumbnail","6":"product_cat-cylinders-fr","7":"product_cat-tous","8":"product_tag-cream-charger-fr","9":"product_tag-exotic-fr","10":"product_tag-whip-fr","12":"first","13":"instock","14":"taxable","15":"shipping-taxable","16":"purchasable","17":"product-type-simple"},"acf":[],"_links":{"self":[{"href":"https:\/\/ewhip-distro.info\/fr\/wp-json\/wp\/v2\/product\/32309","targetHints":{"allow":["GET"]}}],"collection":[{"href":"https:\/\/ewhip-distro.info\/fr\/wp-json\/wp\/v2\/product"}],"about":[{"href":"https:\/\/ewhip-distro.info\/fr\/wp-json\/wp\/v2\/types\/product"}],"wp:featuredmedia":[{"embeddable":true,"href":"https:\/\/ewhip-distro.info\/fr\/wp-json\/wp\/v2\/media\/31885"}],"wp:attachment":[{"href":"https:\/\/ewhip-distro.info\/fr\/wp-json\/wp\/v2\/media?parent=32309"}],"wp:term":[{"taxonomy":"product_brand","embeddable":true,"href":"https:\/\/ewhip-distro.info\/fr\/wp-json\/wp\/v2\/product_brand?post=32309"},{"taxonomy":"product_cat","embeddable":true,"href":"https:\/\/ewhip-distro.info\/fr\/wp-json\/wp\/v2\/product_cat?post=32309"},{"taxonomy":"product_tag","embeddable":true,"href":"https:\/\/ewhip-distro.info\/fr\/wp-json\/wp\/v2\/product_tag?post=32309"}],"curies":[{"name":"wp","href":"https:\/\/api.w.org\/{rel}","templated":true}]}}