{"id":32284,"date":"2024-11-15T12:44:31","date_gmt":"2024-11-15T12:44:31","guid":{"rendered":"https:\/\/exotic-whip.com\/product\/strawberry-cream-charger-1350-gram\/"},"modified":"2025-04-18T10:58:06","modified_gmt":"2025-04-18T10:58:06","slug":"cartouche-creme-fraise-1350-grammes","status":"publish","type":"product","link":"https:\/\/ewhip-distro.info\/fr\/produit\/cartouche-creme-fraise-1350-grammes\/","title":{"rendered":"ExoticWhip Cartouche de Cr\u00e8me Fraise 1350 grammes"},"excerpt":{"rendered":"<p>La cartouche de cr\u00e8me de 1350g est notre taille la plus pratique \u00e0 ce jour. Situ\u00e9e au milieu en termes de taille, la 1350g est le leader du march\u00e9 en oxyde nitreux AROMATIS\u00c9 ; cette cartouche Fraise est aussi FRUIT\u00c9E que possible, contenant le N2O de la plus haute qualit\u00e9 fabriqu\u00e9 dans l&rsquo;UE.<\/p>\n<p><strong>Le nouveau design inclut un code QR de v\u00e9rification. <a href=\"https:\/\/ewhip-distro.info\/fr\/verifiez-votre-bouteille-exoticwhip\/\">Apprenez comment v\u00e9rifier votre bouteille.<\/a><\/strong><\/p>\n<p><strong>*Chaque palette de 1350g contient 60 caisses (4 cartouches par caisse)<\/strong><\/p>\n","protected":false},"featured_media":31803,"template":"","meta":{"_acf_changed":false},"product_brand":[],"product_cat":[],"product_tag":[481,479,480],"class_list":{"0":"post-32284","1":"product","2":"type-product","3":"status-publish","4":"has-post-thumbnail","6":"product_tag-cream-charger-fr","7":"product_tag-exotic-fr","8":"product_tag-whip-fr","10":"first","11":"instock","12":"taxable","13":"shipping-taxable","14":"purchasable","15":"product-type-simple"},"acf":[],"_links":{"self":[{"href":"https:\/\/ewhip-distro.info\/fr\/wp-json\/wp\/v2\/product\/32284","targetHints":{"allow":["GET"]}}],"collection":[{"href":"https:\/\/ewhip-distro.info\/fr\/wp-json\/wp\/v2\/product"}],"about":[{"href":"https:\/\/ewhip-distro.info\/fr\/wp-json\/wp\/v2\/types\/product"}],"wp:featuredmedia":[{"embeddable":true,"href":"https:\/\/ewhip-distro.info\/fr\/wp-json\/wp\/v2\/media\/31803"}],"wp:attachment":[{"href":"https:\/\/ewhip-distro.info\/fr\/wp-json\/wp\/v2\/media?parent=32284"}],"wp:term":[{"taxonomy":"product_brand","embeddable":true,"href":"https:\/\/ewhip-distro.info\/fr\/wp-json\/wp\/v2\/product_brand?post=32284"},{"taxonomy":"product_cat","embeddable":true,"href":"https:\/\/ewhip-distro.info\/fr\/wp-json\/wp\/v2\/product_cat?post=32284"},{"taxonomy":"product_tag","embeddable":true,"href":"https:\/\/ewhip-distro.info\/fr\/wp-json\/wp\/v2\/product_tag?post=32284"}],"curies":[{"name":"wp","href":"https:\/\/api.w.org\/{rel}","templated":true}]}}