{"id":24764,"date":"2023-09-06T10:20:43","date_gmt":"2023-09-06T10:20:43","guid":{"rendered":"https:\/\/exotic-whip.com\/product\/strawberry-whipped-cream-charger-670-gram\/"},"modified":"2025-02-12T11:11:04","modified_gmt":"2025-02-12T11:11:04","slug":"chargeur-de-creme-fouettee-a-la-fraise-de-670-grammes","status":"publish","type":"product","link":"https:\/\/ewhip-distro.info\/fr\/produit\/chargeur-de-creme-fouettee-a-la-fraise-de-670-grammes\/","title":{"rendered":"Cartouche de Cr\u00e8me Fouett\u00e9e \u00e0 la Fraise ExoticWhip 670 grammes"},"excerpt":{"rendered":"<p>Notre taille classique contient d\u00e9sormais du protoxyde d&rsquo;azote aromatis\u00e9 \u00e0 la fraise pour garantir un ingr\u00e9dient exceptionnel et savoureux pour vos cr\u00e9ations culinaires. Le mod\u00e8le de 670g est rempli avec le N2O de qualit\u00e9 europ\u00e9enne habituelle dans un design reconnaissable.<\/p>\n<p><strong>Le nouveau design inclut un code QR de v\u00e9rification. <a href=\"https:\/\/ewhip-distro.info\/fr\/verifiez-votre-bouteille-exoticwhip\/\">Apprenez comment v\u00e9rifier votre bouteille.<\/a><\/strong><\/p>\n<p><strong>*Chaque palette de 670g contient 75 caisses (6 cartouches par caisse)<\/strong><\/p>\n","protected":false},"featured_media":31708,"template":"","meta":{"_acf_changed":false},"product_brand":[],"product_cat":[66,270],"product_tag":[481,479,480],"class_list":{"0":"post-24764","1":"product","2":"type-product","3":"status-publish","4":"has-post-thumbnail","6":"product_cat-cylinders-fr","7":"product_cat-tous","8":"product_tag-cream-charger-fr","9":"product_tag-exotic-fr","10":"product_tag-whip-fr","12":"first","13":"instock","14":"taxable","15":"shipping-taxable","16":"purchasable","17":"product-type-simple"},"acf":[],"_links":{"self":[{"href":"https:\/\/ewhip-distro.info\/fr\/wp-json\/wp\/v2\/product\/24764","targetHints":{"allow":["GET"]}}],"collection":[{"href":"https:\/\/ewhip-distro.info\/fr\/wp-json\/wp\/v2\/product"}],"about":[{"href":"https:\/\/ewhip-distro.info\/fr\/wp-json\/wp\/v2\/types\/product"}],"wp:featuredmedia":[{"embeddable":true,"href":"https:\/\/ewhip-distro.info\/fr\/wp-json\/wp\/v2\/media\/31708"}],"wp:attachment":[{"href":"https:\/\/ewhip-distro.info\/fr\/wp-json\/wp\/v2\/media?parent=24764"}],"wp:term":[{"taxonomy":"product_brand","embeddable":true,"href":"https:\/\/ewhip-distro.info\/fr\/wp-json\/wp\/v2\/product_brand?post=24764"},{"taxonomy":"product_cat","embeddable":true,"href":"https:\/\/ewhip-distro.info\/fr\/wp-json\/wp\/v2\/product_cat?post=24764"},{"taxonomy":"product_tag","embeddable":true,"href":"https:\/\/ewhip-distro.info\/fr\/wp-json\/wp\/v2\/product_tag?post=24764"}],"curies":[{"name":"wp","href":"https:\/\/api.w.org\/{rel}","templated":true}]}}