{"id":24755,"date":"2023-09-06T10:20:39","date_gmt":"2023-09-06T10:20:39","guid":{"rendered":"https:\/\/exotic-whip.com\/product\/original-cream-charger-640-gram\/"},"modified":"2025-02-12T15:10:31","modified_gmt":"2025-02-12T15:10:31","slug":"670-gram-cylinder","status":"publish","type":"product","link":"https:\/\/ewhip-distro.info\/fr\/produit\/670-gram-cylinder\/","title":{"rendered":"Cartouche de Cr\u00e8me Originale ExoticWhip 670 grammes"},"excerpt":{"rendered":"<p>La cartouche classique de 670g est remplie avec du protoxyde d&rsquo;azote de qualit\u00e9 europ\u00e9enne sup\u00e9rieure. Gr\u00e2ce \u00e0 nos normes de compression, notre cartouche classique de 670g est la cartouche de plus grande capacit\u00e9 sur le march\u00e9 pour sa taille et, comme toujours, dans un design qui nous distingue.<\/p>\n<p><strong>Le nouveau design inclut un code QR de v\u00e9rification. <a href=\"https:\/\/ewhip-distro.info\/fr\/verifiez-votre-bouteille-exoticwhip\/\">Apprenez comment v\u00e9rifier votre bouteille.<\/a><\/strong><\/p>\n<p><strong>*Chaque palette de 670g contient 75 caisses (6 cartouches par caisse)<\/strong><\/p>\n","protected":false},"featured_media":31572,"template":"","meta":{"_acf_changed":false},"product_brand":[],"product_cat":[66,270],"product_tag":[481,479,480],"class_list":{"0":"post-24755","1":"product","2":"type-product","3":"status-publish","4":"has-post-thumbnail","6":"product_cat-cylinders-fr","7":"product_cat-tous","8":"product_tag-cream-charger-fr","9":"product_tag-exotic-fr","10":"product_tag-whip-fr","12":"first","13":"instock","14":"taxable","15":"shipping-taxable","16":"purchasable","17":"product-type-simple"},"acf":[],"_links":{"self":[{"href":"https:\/\/ewhip-distro.info\/fr\/wp-json\/wp\/v2\/product\/24755","targetHints":{"allow":["GET"]}}],"collection":[{"href":"https:\/\/ewhip-distro.info\/fr\/wp-json\/wp\/v2\/product"}],"about":[{"href":"https:\/\/ewhip-distro.info\/fr\/wp-json\/wp\/v2\/types\/product"}],"wp:featuredmedia":[{"embeddable":true,"href":"https:\/\/ewhip-distro.info\/fr\/wp-json\/wp\/v2\/media\/31572"}],"wp:attachment":[{"href":"https:\/\/ewhip-distro.info\/fr\/wp-json\/wp\/v2\/media?parent=24755"}],"wp:term":[{"taxonomy":"product_brand","embeddable":true,"href":"https:\/\/ewhip-distro.info\/fr\/wp-json\/wp\/v2\/product_brand?post=24755"},{"taxonomy":"product_cat","embeddable":true,"href":"https:\/\/ewhip-distro.info\/fr\/wp-json\/wp\/v2\/product_cat?post=24755"},{"taxonomy":"product_tag","embeddable":true,"href":"https:\/\/ewhip-distro.info\/fr\/wp-json\/wp\/v2\/product_tag?post=24755"}],"curies":[{"name":"wp","href":"https:\/\/api.w.org\/{rel}","templated":true}]}}