{"id":24743,"date":"2023-09-06T10:20:55","date_gmt":"2023-09-06T10:20:55","guid":{"rendered":"https:\/\/exotic-whip.com\/product\/coconut-cream-charger-2000-gram\/"},"modified":"2025-02-12T15:45:21","modified_gmt":"2025-02-12T15:45:21","slug":"chargeur-de-creme-de-coco-2000-grammes","status":"publish","type":"product","link":"https:\/\/ewhip-distro.info\/fr\/produit\/chargeur-de-creme-de-coco-2000-grammes\/","title":{"rendered":"Cartouche de Cr\u00e8me \u00e0 la Noix de Coco ExoticWhip 2000 grammes"},"excerpt":{"rendered":"<p>Rien ne dit Exotic Whip comme un parfum tropical de noix de coco, et cette cartouche est une cartouche de cr\u00e8me de capacit\u00e9 maximale contenant 2000g d&rsquo;ar\u00f4me sup\u00e9rieur. Contenant l&rsquo;oxyde nitreux habituel de qualit\u00e9 europ\u00e9enne, la cartouche est con\u00e7ue pour la commodit\u00e9 et la s\u00e9curit\u00e9.<\/p>\n<p><strong>Le nouveau design inclut un code QR de v\u00e9rification. <a href=\"https:\/\/ewhip-distro.info\/fr\/verifiez-votre-bouteille-exoticwhip\/\">Apprenez comment v\u00e9rifier votre bouteille.<\/a><\/strong><\/p>\n<p><strong>*Chaque palette de 2kg contient 162 caisses (1 cartouche par caisse)<\/strong><\/p>\n","protected":false},"featured_media":31909,"template":"","meta":{"_acf_changed":false},"product_brand":[],"product_cat":[66,270],"product_tag":[481,479,480],"class_list":{"0":"post-24743","1":"product","2":"type-product","3":"status-publish","4":"has-post-thumbnail","6":"product_cat-cylinders-fr","7":"product_cat-tous","8":"product_tag-cream-charger-fr","9":"product_tag-exotic-fr","10":"product_tag-whip-fr","12":"first","13":"instock","14":"taxable","15":"shipping-taxable","16":"purchasable","17":"product-type-simple"},"acf":[],"_links":{"self":[{"href":"https:\/\/ewhip-distro.info\/fr\/wp-json\/wp\/v2\/product\/24743","targetHints":{"allow":["GET"]}}],"collection":[{"href":"https:\/\/ewhip-distro.info\/fr\/wp-json\/wp\/v2\/product"}],"about":[{"href":"https:\/\/ewhip-distro.info\/fr\/wp-json\/wp\/v2\/types\/product"}],"wp:featuredmedia":[{"embeddable":true,"href":"https:\/\/ewhip-distro.info\/fr\/wp-json\/wp\/v2\/media\/31909"}],"wp:attachment":[{"href":"https:\/\/ewhip-distro.info\/fr\/wp-json\/wp\/v2\/media?parent=24743"}],"wp:term":[{"taxonomy":"product_brand","embeddable":true,"href":"https:\/\/ewhip-distro.info\/fr\/wp-json\/wp\/v2\/product_brand?post=24743"},{"taxonomy":"product_cat","embeddable":true,"href":"https:\/\/ewhip-distro.info\/fr\/wp-json\/wp\/v2\/product_cat?post=24743"},{"taxonomy":"product_tag","embeddable":true,"href":"https:\/\/ewhip-distro.info\/fr\/wp-json\/wp\/v2\/product_tag?post=24743"}],"curies":[{"name":"wp","href":"https:\/\/api.w.org\/{rel}","templated":true}]}}