{"id":22697,"date":"2023-04-06T07:55:10","date_gmt":"2023-04-06T07:55:11","guid":{"rendered":"https:\/\/exotic-whip.com\/?post_type=product&#038;p=22697"},"modified":"2025-02-12T15:05:30","modified_gmt":"2025-02-12T15:05:30","slug":"chargeur-pour-creme-fouettee-au-coco-n2o-670-grammes","status":"publish","type":"product","link":"https:\/\/ewhip-distro.info\/fr\/produit\/chargeur-pour-creme-fouettee-au-coco-n2o-670-grammes\/","title":{"rendered":"Cartouche de Cr\u00e8me Fouett\u00e9e \u00e0 la Noix de Coco ExoticWhip 670 grammes"},"excerpt":{"rendered":"<p>La cartouche standard de 670g est remplie d&rsquo;un ar\u00f4me sup\u00e9rieur de noix de coco et reste l&rsquo;oxyde nitreux de la meilleure qualit\u00e9 europ\u00e9enne sur le march\u00e9. Notre taille originale dans un design accrocheur est la cartouche de la meilleure capacit\u00e9, gr\u00e2ce \u00e0 nos normes de compression.<\/p>\n<p><strong>Le nouveau design inclut un code QR de v\u00e9rification. <a href=\"https:\/\/ewhip-distro.info\/fr\/verifiez-votre-bouteille-exoticwhip\/\">Apprenez comment v\u00e9rifier votre bouteille.<\/a><\/strong><\/p>\n<p><strong>*Chaque palette de 670g contient 75 caisses (6 cartouches par caisse)<\/strong><\/p>\n","protected":false},"featured_media":31733,"template":"","meta":{"_acf_changed":false},"product_brand":[],"product_cat":[66,270],"product_tag":[481,479,480],"class_list":{"0":"post-22697","1":"product","2":"type-product","3":"status-publish","4":"has-post-thumbnail","6":"product_cat-cylinders-fr","7":"product_cat-tous","8":"product_tag-cream-charger-fr","9":"product_tag-exotic-fr","10":"product_tag-whip-fr","12":"first","13":"instock","14":"taxable","15":"shipping-taxable","16":"purchasable","17":"product-type-simple"},"acf":[],"_links":{"self":[{"href":"https:\/\/ewhip-distro.info\/fr\/wp-json\/wp\/v2\/product\/22697","targetHints":{"allow":["GET"]}}],"collection":[{"href":"https:\/\/ewhip-distro.info\/fr\/wp-json\/wp\/v2\/product"}],"about":[{"href":"https:\/\/ewhip-distro.info\/fr\/wp-json\/wp\/v2\/types\/product"}],"wp:featuredmedia":[{"embeddable":true,"href":"https:\/\/ewhip-distro.info\/fr\/wp-json\/wp\/v2\/media\/31733"}],"wp:attachment":[{"href":"https:\/\/ewhip-distro.info\/fr\/wp-json\/wp\/v2\/media?parent=22697"}],"wp:term":[{"taxonomy":"product_brand","embeddable":true,"href":"https:\/\/ewhip-distro.info\/fr\/wp-json\/wp\/v2\/product_brand?post=22697"},{"taxonomy":"product_cat","embeddable":true,"href":"https:\/\/ewhip-distro.info\/fr\/wp-json\/wp\/v2\/product_cat?post=22697"},{"taxonomy":"product_tag","embeddable":true,"href":"https:\/\/ewhip-distro.info\/fr\/wp-json\/wp\/v2\/product_tag?post=22697"}],"curies":[{"name":"wp","href":"https:\/\/api.w.org\/{rel}","templated":true}]}}