{"id":2151,"date":"2021-08-27T12:12:14","date_gmt":"2021-08-27T12:12:14","guid":{"rendered":"https:\/\/exotic-whip.com\/product\/cream-siphon\/"},"modified":"2025-07-01T11:34:13","modified_gmt":"2025-07-01T11:34:13","slug":"cream-siphon","status":"publish","type":"product","link":"https:\/\/ewhip-distro.info\/fr\/produit\/cream-siphon\/","title":{"rendered":"Siphon \u00e0 Cr\u00e8me Exotic Whip"},"excerpt":{"rendered":"<p>Le siphon \u00e0 cr\u00e8me Exotic Whip est con\u00e7u pour d\u00e9livrer le produit final : cr\u00e8mes fouett\u00e9es, espumas et mousses sur vos cr\u00e9ations culinaires ou de bar. Nous fournissons un <a class=\"waffle-rich-text-link\" href=\"https:\/\/ewhip-distro.info\/fr\/blog-fr\/utilisation-dune-bouteille-de-n2o-avec-un-regulateur-de-pression\/\">guide complet<\/a> sur comment utiliser ce distributeur de cr\u00e8me pratique.<\/p>\n<p>Compatible avec le cr\u00e9mier Exotic Whip et le r\u00e9gulateur de pression Exotic Whip ainsi qu&rsquo;avec la plupart des standards de l&rsquo;industrie.<\/p>\n<p>Uniquement adapt\u00e9 pour les m\u00e9langes froids.<\/p>\n","protected":false},"featured_media":34747,"template":"","meta":{"_acf_changed":false},"product_brand":[],"product_cat":[67,270],"product_tag":[],"class_list":{"0":"post-2151","1":"product","2":"type-product","3":"status-publish","4":"has-post-thumbnail","6":"product_cat-accessories-fr","7":"product_cat-tous","9":"first","10":"outofstock","11":"taxable","12":"shipping-taxable","13":"purchasable","14":"product-type-simple"},"acf":[],"_links":{"self":[{"href":"https:\/\/ewhip-distro.info\/fr\/wp-json\/wp\/v2\/product\/2151","targetHints":{"allow":["GET"]}}],"collection":[{"href":"https:\/\/ewhip-distro.info\/fr\/wp-json\/wp\/v2\/product"}],"about":[{"href":"https:\/\/ewhip-distro.info\/fr\/wp-json\/wp\/v2\/types\/product"}],"wp:featuredmedia":[{"embeddable":true,"href":"https:\/\/ewhip-distro.info\/fr\/wp-json\/wp\/v2\/media\/34747"}],"wp:attachment":[{"href":"https:\/\/ewhip-distro.info\/fr\/wp-json\/wp\/v2\/media?parent=2151"}],"wp:term":[{"taxonomy":"product_brand","embeddable":true,"href":"https:\/\/ewhip-distro.info\/fr\/wp-json\/wp\/v2\/product_brand?post=2151"},{"taxonomy":"product_cat","embeddable":true,"href":"https:\/\/ewhip-distro.info\/fr\/wp-json\/wp\/v2\/product_cat?post=2151"},{"taxonomy":"product_tag","embeddable":true,"href":"https:\/\/ewhip-distro.info\/fr\/wp-json\/wp\/v2\/product_tag?post=2151"}],"curies":[{"name":"wp","href":"https:\/\/api.w.org\/{rel}","templated":true}]}}