{"id":32391,"date":"2024-12-20T10:55:29","date_gmt":"2024-12-20T10:55:30","guid":{"rendered":"https:\/\/exotic-whip.com\/?post_type=product&#038;p=32391"},"modified":"2025-01-23T10:49:33","modified_gmt":"2025-01-23T10:49:33","slug":"cartuchos-de-crema-670g-6-botellas-sabores-mixtos","status":"publish","type":"product","link":"https:\/\/ewhip-distro.info\/es\/producto\/cartuchos-de-crema-670g-6-botellas-sabores-mixtos\/","title":{"rendered":"NUEVO ExoticWhip Cargador de Crema de Uva 670 gramos"},"excerpt":{"rendered":"<p>Nuestro Cargador de Crema Exotic Whip sabor Uva de 670g tiene un sabor rico y jugoso que realza cualquier cosa que toque, a\u00f1adiendo un divertido toque afrutado que destaca. \u00a1Perfecto para c\u00f3cteles, postres y m\u00e1s! Compatible con <a href=\"https:\/\/ewhip-distro.info\/es\/producto\/exotic-whip-creamer\/\">el cremero Exotic Whip.<\/a><\/p>\n<p><strong>El nuevo dise\u00f1o incluye un c\u00f3digo QR de verificaci\u00f3n. <a href=\"https:\/\/ewhip-distro.info\/es\/verifica-tu-botella-de-exoticwhip\/\">Aprende c\u00f3mo verificar tu botella.<\/a><\/strong><\/p>\n<p><strong>*Cada pallet de 670g contiene 75 cajas (6 cartuchos por caja)<\/strong><\/p>\n","protected":false},"featured_media":32399,"template":"","meta":{"_acf_changed":false},"product_brand":[],"product_cat":[73,274],"product_tag":[472,473,474],"class_list":{"0":"post-32391","1":"product","2":"type-product","3":"status-publish","4":"has-post-thumbnail","6":"product_cat-cylinders-es","7":"product_cat-todos","8":"product_tag-cream-charger-es","9":"product_tag-exotic-es","10":"product_tag-whip-es","12":"first","13":"instock","14":"taxable","15":"shipping-taxable","16":"purchasable","17":"product-type-simple"},"acf":[],"_links":{"self":[{"href":"https:\/\/ewhip-distro.info\/es\/wp-json\/wp\/v2\/product\/32391","targetHints":{"allow":["GET"]}}],"collection":[{"href":"https:\/\/ewhip-distro.info\/es\/wp-json\/wp\/v2\/product"}],"about":[{"href":"https:\/\/ewhip-distro.info\/es\/wp-json\/wp\/v2\/types\/product"}],"wp:featuredmedia":[{"embeddable":true,"href":"https:\/\/ewhip-distro.info\/es\/wp-json\/wp\/v2\/media\/32399"}],"wp:attachment":[{"href":"https:\/\/ewhip-distro.info\/es\/wp-json\/wp\/v2\/media?parent=32391"}],"wp:term":[{"taxonomy":"product_brand","embeddable":true,"href":"https:\/\/ewhip-distro.info\/es\/wp-json\/wp\/v2\/product_brand?post=32391"},{"taxonomy":"product_cat","embeddable":true,"href":"https:\/\/ewhip-distro.info\/es\/wp-json\/wp\/v2\/product_cat?post=32391"},{"taxonomy":"product_tag","embeddable":true,"href":"https:\/\/ewhip-distro.info\/es\/wp-json\/wp\/v2\/product_tag?post=32391"}],"curies":[{"name":"wp","href":"https:\/\/api.w.org\/{rel}","templated":true}]}}