{"id":32342,"date":"2024-11-15T13:35:44","date_gmt":"2024-11-15T13:35:44","guid":{"rendered":"https:\/\/exotic-whip.com\/product\/grape-cream-charger-670-gram\/"},"modified":"2025-02-12T10:23:39","modified_gmt":"2025-02-12T10:23:39","slug":"cargador-de-crema-de-uva-670-gramos","status":"publish","type":"product","link":"https:\/\/ewhip-distro.info\/es\/producto\/cargador-de-crema-de-uva-670-gramos\/","title":{"rendered":"NUEVO ExoticWhip Cargador de Crema de Uva 670 gramos"},"excerpt":{"rendered":"<p>Nuestro Cargador de Crema ExoticWhip sabor Uva de 670g tiene un sabor rico y jugoso que realza cualquier cosa que toque, a\u00f1adiendo un divertido toque afrutado que destaca. \u00a1Perfecto para c\u00f3cteles, postres y m\u00e1s! Compatible con <a href=\"https:\/\/ewhip-distro.info\/es\/producto\/exotic-whip-creamer\/\">el cremero ExoticWhip.<\/a><\/p>\n<p><strong>\u00a1Este producto solo se vende en una caja de seis sabores mezclados!<\/strong><\/p>\n<p><strong>El nuevo dise\u00f1o incluye un c\u00f3digo QR de verificaci\u00f3n. <a href=\"https:\/\/ewhip-distro.info\/es\/verifica-tu-botella-de-exoticwhip\/\">Aprende c\u00f3mo verificar tu botella.<\/a><\/strong><\/p>\n<p><strong>*Cada pallet de 670g contiene 75 cajas (6 cartuchos por caja)<\/strong><\/p>\n","protected":false},"featured_media":32006,"template":"","meta":{"_acf_changed":false},"product_brand":[],"product_cat":[73,274],"product_tag":[472,473,474],"class_list":{"0":"post-32342","1":"product","2":"type-product","3":"status-publish","4":"has-post-thumbnail","6":"product_cat-cylinders-es","7":"product_cat-todos","8":"product_tag-cream-charger-es","9":"product_tag-exotic-es","10":"product_tag-whip-es","12":"first","13":"instock","14":"taxable","15":"shipping-taxable","16":"purchasable","17":"product-type-simple"},"acf":[],"_links":{"self":[{"href":"https:\/\/ewhip-distro.info\/es\/wp-json\/wp\/v2\/product\/32342","targetHints":{"allow":["GET"]}}],"collection":[{"href":"https:\/\/ewhip-distro.info\/es\/wp-json\/wp\/v2\/product"}],"about":[{"href":"https:\/\/ewhip-distro.info\/es\/wp-json\/wp\/v2\/types\/product"}],"wp:featuredmedia":[{"embeddable":true,"href":"https:\/\/ewhip-distro.info\/es\/wp-json\/wp\/v2\/media\/32006"}],"wp:attachment":[{"href":"https:\/\/ewhip-distro.info\/es\/wp-json\/wp\/v2\/media?parent=32342"}],"wp:term":[{"taxonomy":"product_brand","embeddable":true,"href":"https:\/\/ewhip-distro.info\/es\/wp-json\/wp\/v2\/product_brand?post=32342"},{"taxonomy":"product_cat","embeddable":true,"href":"https:\/\/ewhip-distro.info\/es\/wp-json\/wp\/v2\/product_cat?post=32342"},{"taxonomy":"product_tag","embeddable":true,"href":"https:\/\/ewhip-distro.info\/es\/wp-json\/wp\/v2\/product_tag?post=32342"}],"curies":[{"name":"wp","href":"https:\/\/api.w.org\/{rel}","templated":true}]}}