{"id":32328,"date":"2024-11-15T13:31:24","date_gmt":"2024-11-15T13:31:24","guid":{"rendered":"https:\/\/exotic-whip.com\/product\/blueberry-cream-charger-670-gram\/"},"modified":"2025-01-22T10:37:25","modified_gmt":"2025-01-22T10:37:25","slug":"cargador-de-crema-de-arandano-670-gramos","status":"publish","type":"product","link":"https:\/\/ewhip-distro.info\/es\/producto\/cargador-de-crema-de-arandano-670-gramos\/","title":{"rendered":"NUEVO ExoticWhip Cargador de Crema de Ar\u00e1ndano 670 gramos"},"excerpt":{"rendered":"<p>Dulce, suave y deliciosamente intenso: nuestro Cargador de Crema ExoticWhip sabor Ar\u00e1ndano de 670g trae el sabor de las bayas reci\u00e9n recogidas a tus creaciones. Es el equilibrio perfecto entre afrutado y fresco, ideal para a\u00f1adir un toque de dulzura a bebidas, postres y coberturas. Compatible con <a href=\"https:\/\/ewhip-distro.info\/es\/producto\/exotic-whip-creamer\/\">el cremero ExoticWhip!<\/a><\/p>\n<p><strong>\u00a1Este producto solo se vende en una caja de seis sabores mezclados!<\/strong><\/p>\n<p><strong>El nuevo dise\u00f1o incluye un c\u00f3digo QR de verificaci\u00f3n. <a href=\"https:\/\/ewhip-distro.info\/es\/verifica-tu-botella-de-exoticwhip\/\">Aprende c\u00f3mo verificar tu botella.<\/a><\/strong><\/p>\n<p><strong>*Cada pallet de 670g contiene 75 cajas (6 cartuchos por caja)<\/strong><\/p>\n","protected":false},"featured_media":31964,"template":"","meta":{"_acf_changed":false},"product_brand":[],"product_cat":[73,274],"product_tag":[472,473,474],"class_list":{"0":"post-32328","1":"product","2":"type-product","3":"status-publish","4":"has-post-thumbnail","6":"product_cat-cylinders-es","7":"product_cat-todos","8":"product_tag-cream-charger-es","9":"product_tag-exotic-es","10":"product_tag-whip-es","12":"first","13":"instock","14":"taxable","15":"shipping-taxable","16":"purchasable","17":"product-type-simple"},"acf":[],"_links":{"self":[{"href":"https:\/\/ewhip-distro.info\/es\/wp-json\/wp\/v2\/product\/32328","targetHints":{"allow":["GET"]}}],"collection":[{"href":"https:\/\/ewhip-distro.info\/es\/wp-json\/wp\/v2\/product"}],"about":[{"href":"https:\/\/ewhip-distro.info\/es\/wp-json\/wp\/v2\/types\/product"}],"wp:featuredmedia":[{"embeddable":true,"href":"https:\/\/ewhip-distro.info\/es\/wp-json\/wp\/v2\/media\/31964"}],"wp:attachment":[{"href":"https:\/\/ewhip-distro.info\/es\/wp-json\/wp\/v2\/media?parent=32328"}],"wp:term":[{"taxonomy":"product_brand","embeddable":true,"href":"https:\/\/ewhip-distro.info\/es\/wp-json\/wp\/v2\/product_brand?post=32328"},{"taxonomy":"product_cat","embeddable":true,"href":"https:\/\/ewhip-distro.info\/es\/wp-json\/wp\/v2\/product_cat?post=32328"},{"taxonomy":"product_tag","embeddable":true,"href":"https:\/\/ewhip-distro.info\/es\/wp-json\/wp\/v2\/product_tag?post=32328"}],"curies":[{"name":"wp","href":"https:\/\/api.w.org\/{rel}","templated":true}]}}