{"id":32287,"date":"2024-11-15T12:44:31","date_gmt":"2024-11-15T12:44:31","guid":{"rendered":"https:\/\/exotic-whip.com\/product\/strawberry-cream-charger-1350-gram\/"},"modified":"2025-04-18T10:59:36","modified_gmt":"2025-04-18T10:59:36","slug":"cargador-de-crema-de-fresa-1350-gramos","status":"publish","type":"product","link":"https:\/\/ewhip-distro.info\/es\/producto\/cargador-de-crema-de-fresa-1350-gramos\/","title":{"rendered":"ExoticWhip Cargador de Crema de Fresa 1350 gramos"},"excerpt":{"rendered":"<p>El cargador de crema de 1350g es nuestro tama\u00f1o m\u00e1s conveniente hasta ahora. Justo en el centro en t\u00e9rminos de tama\u00f1o, el de 1350g es el l\u00edder del mercado en \u00f3xido nitroso SABORIZADO; este cargador de Fresa es tan AFUTADO como se puede, conteniendo el N2O de la m\u00e1s alta calidad fabricado en la UE.<\/p>\n<p><strong>El nuevo dise\u00f1o incluye un c\u00f3digo QR de verificaci\u00f3n. <a href=\"https:\/\/ewhip-distro.info\/es\/verifica-tu-botella-de-exoticwhip\/\">Aprende c\u00f3mo verificar tu botella.<\/a><\/strong><\/p>\n<p><strong>*Cada pallet de 1350g contiene 60 cajas (4 cartuchos por caja)<\/strong><\/p>\n","protected":false},"featured_media":31808,"template":"","meta":{"_acf_changed":false},"product_brand":[],"product_cat":[],"product_tag":[472,473,474],"class_list":{"0":"post-32287","1":"product","2":"type-product","3":"status-publish","4":"has-post-thumbnail","6":"product_tag-cream-charger-es","7":"product_tag-exotic-es","8":"product_tag-whip-es","10":"first","11":"instock","12":"taxable","13":"shipping-taxable","14":"purchasable","15":"product-type-simple"},"acf":[],"_links":{"self":[{"href":"https:\/\/ewhip-distro.info\/es\/wp-json\/wp\/v2\/product\/32287","targetHints":{"allow":["GET"]}}],"collection":[{"href":"https:\/\/ewhip-distro.info\/es\/wp-json\/wp\/v2\/product"}],"about":[{"href":"https:\/\/ewhip-distro.info\/es\/wp-json\/wp\/v2\/types\/product"}],"wp:featuredmedia":[{"embeddable":true,"href":"https:\/\/ewhip-distro.info\/es\/wp-json\/wp\/v2\/media\/31808"}],"wp:attachment":[{"href":"https:\/\/ewhip-distro.info\/es\/wp-json\/wp\/v2\/media?parent=32287"}],"wp:term":[{"taxonomy":"product_brand","embeddable":true,"href":"https:\/\/ewhip-distro.info\/es\/wp-json\/wp\/v2\/product_brand?post=32287"},{"taxonomy":"product_cat","embeddable":true,"href":"https:\/\/ewhip-distro.info\/es\/wp-json\/wp\/v2\/product_cat?post=32287"},{"taxonomy":"product_tag","embeddable":true,"href":"https:\/\/ewhip-distro.info\/es\/wp-json\/wp\/v2\/product_tag?post=32287"}],"curies":[{"name":"wp","href":"https:\/\/api.w.org\/{rel}","templated":true}]}}