{"id":27617,"date":"2024-04-10T11:44:44","date_gmt":"2024-04-10T11:44:44","guid":{"rendered":"https:\/\/exotic-whip.com\/product\/new-exotic-whip-original-cream-charger-1350-grams\/"},"modified":"2025-04-18T10:54:24","modified_gmt":"2025-04-18T10:54:24","slug":"cargador-de-crema-original-1350-gramos","status":"publish","type":"product","link":"https:\/\/ewhip-distro.info\/es\/producto\/cargador-de-crema-original-1350-gramos\/","title":{"rendered":"ExoticWhip Cargador de Crema Original 1350 gramos"},"excerpt":{"rendered":"<p>El cargador de nata de 1350g es nuestro tama\u00f1o m\u00e1s conveniente hasta la fecha. Situ\u00e1ndose en un t\u00e9rmino medio en cuanto a tama\u00f1o, el de 1350g es l\u00edder en el mercado en capacidad de \u00f3xido nitroso para su tama\u00f1o. Contiene el N2O de la m\u00e1s alta calidad fabricado en la UE.<\/p>\n<p><strong>El nuevo dise\u00f1o incluye un c\u00f3digo QR de verificaci\u00f3n. <a href=\"https:\/\/ewhip-distro.info\/es\/verifica-tu-botella-de-exoticwhip\/\">Aprende c\u00f3mo verificar tu botella.<\/a><\/strong><\/p>\n<p><strong>*Cada pallet de 1350g contiene 60 cajas (4 cartuchos por caja)<\/strong><\/p>\n","protected":false},"featured_media":31657,"template":"","meta":{"_acf_changed":false},"product_brand":[],"product_cat":[73,274],"product_tag":[472,473,474],"class_list":{"0":"post-27617","1":"product","2":"type-product","3":"status-publish","4":"has-post-thumbnail","6":"product_cat-cylinders-es","7":"product_cat-todos","8":"product_tag-cream-charger-es","9":"product_tag-exotic-es","10":"product_tag-whip-es","12":"first","13":"instock","14":"taxable","15":"shipping-taxable","16":"purchasable","17":"product-type-simple"},"acf":[],"_links":{"self":[{"href":"https:\/\/ewhip-distro.info\/es\/wp-json\/wp\/v2\/product\/27617","targetHints":{"allow":["GET"]}}],"collection":[{"href":"https:\/\/ewhip-distro.info\/es\/wp-json\/wp\/v2\/product"}],"about":[{"href":"https:\/\/ewhip-distro.info\/es\/wp-json\/wp\/v2\/types\/product"}],"wp:featuredmedia":[{"embeddable":true,"href":"https:\/\/ewhip-distro.info\/es\/wp-json\/wp\/v2\/media\/31657"}],"wp:attachment":[{"href":"https:\/\/ewhip-distro.info\/es\/wp-json\/wp\/v2\/media?parent=27617"}],"wp:term":[{"taxonomy":"product_brand","embeddable":true,"href":"https:\/\/ewhip-distro.info\/es\/wp-json\/wp\/v2\/product_brand?post=27617"},{"taxonomy":"product_cat","embeddable":true,"href":"https:\/\/ewhip-distro.info\/es\/wp-json\/wp\/v2\/product_cat?post=27617"},{"taxonomy":"product_tag","embeddable":true,"href":"https:\/\/ewhip-distro.info\/es\/wp-json\/wp\/v2\/product_tag?post=27617"}],"curies":[{"name":"wp","href":"https:\/\/api.w.org\/{rel}","templated":true}]}}