{"id":26718,"date":"2024-01-29T10:59:15","date_gmt":"2024-01-29T10:59:15","guid":{"rendered":"https:\/\/exotic-whip.com\/product\/exotic-whip-creamer\/"},"modified":"2025-02-12T16:40:46","modified_gmt":"2025-02-12T16:40:46","slug":"exotic-whip-creamer","status":"publish","type":"product","link":"https:\/\/ewhip-distro.info\/es\/producto\/exotic-whip-creamer\/","title":{"rendered":"Cremor Exotic Whip"},"excerpt":{"rendered":"<p>El Cremor Exotic Whip es un dispensador de N2O innovador dise\u00f1ado para la creaci\u00f3n de nata montada, espumas fr\u00edas y salsas. Mira nuestra <a class=\"waffle-rich-text-link\" href=\"https:\/\/www.youtube.com\/watch?v=95d29TCNutw\">gu\u00eda en video<\/a> aqu\u00ed para ver lo f\u00e1cil que es de usar.<\/p>\n<p>El PRECIO DE VENTA RECOMENDADO es de 89,90 \u20ac.<\/p>\n<p>Compatible con los sifones de N2O Exotic Whip y los cilindros de N2O de 670g. Sifones y cilindros se venden por separado<\/p>\n","protected":false},"featured_media":28800,"template":"","meta":{"_acf_changed":false},"product_brand":[],"product_cat":[72,274],"product_tag":[],"class_list":{"0":"post-26718","1":"product","2":"type-product","3":"status-publish","4":"has-post-thumbnail","6":"product_cat-accessories-es","7":"product_cat-todos","9":"first","10":"instock","11":"taxable","12":"shipping-taxable","13":"product-type-simple"},"acf":[],"_links":{"self":[{"href":"https:\/\/ewhip-distro.info\/es\/wp-json\/wp\/v2\/product\/26718","targetHints":{"allow":["GET"]}}],"collection":[{"href":"https:\/\/ewhip-distro.info\/es\/wp-json\/wp\/v2\/product"}],"about":[{"href":"https:\/\/ewhip-distro.info\/es\/wp-json\/wp\/v2\/types\/product"}],"wp:featuredmedia":[{"embeddable":true,"href":"https:\/\/ewhip-distro.info\/es\/wp-json\/wp\/v2\/media\/28800"}],"wp:attachment":[{"href":"https:\/\/ewhip-distro.info\/es\/wp-json\/wp\/v2\/media?parent=26718"}],"wp:term":[{"taxonomy":"product_brand","embeddable":true,"href":"https:\/\/ewhip-distro.info\/es\/wp-json\/wp\/v2\/product_brand?post=26718"},{"taxonomy":"product_cat","embeddable":true,"href":"https:\/\/ewhip-distro.info\/es\/wp-json\/wp\/v2\/product_cat?post=26718"},{"taxonomy":"product_tag","embeddable":true,"href":"https:\/\/ewhip-distro.info\/es\/wp-json\/wp\/v2\/product_tag?post=26718"}],"curies":[{"name":"wp","href":"https:\/\/api.w.org\/{rel}","templated":true}]}}