{"id":24759,"date":"2023-09-06T10:20:39","date_gmt":"2023-09-06T10:20:39","guid":{"rendered":"https:\/\/exotic-whip.com\/product\/original-cream-charger-640-gram\/"},"modified":"2025-02-12T15:11:18","modified_gmt":"2025-02-12T15:11:18","slug":"670-gram-cylinder","status":"publish","type":"product","link":"https:\/\/ewhip-distro.info\/es\/producto\/670-gram-cylinder\/","title":{"rendered":"Cargador de Nata ExoticWhip Original 670 gramos"},"excerpt":{"rendered":"<p>El cl\u00e1sico cargador de nata de 670g est\u00e1 lleno de \u00f3xido nitroso de calidad premium europea. Gracias a nuestros est\u00e1ndares de compresi\u00f3n, nuestro cl\u00e1sico de 670g es el cargador de mayor capacidad del mercado para su tama\u00f1o y, como siempre, con un dise\u00f1o que nos distingue.<\/p>\n<p><strong>El nuevo dise\u00f1o incluye un c\u00f3digo QR de verificaci\u00f3n. <a href=\"https:\/\/ewhip-distro.info\/es\/verifica-tu-botella-de-exoticwhip\/\">Aprende c\u00f3mo verificar tu botella.<\/a><\/strong><\/p>\n<p><strong>*Cada pallet de 670g contiene 75 cajas (6 cartuchos por caja)<\/strong><\/p>\n","protected":false},"featured_media":31577,"template":"","meta":{"_acf_changed":false},"product_brand":[],"product_cat":[73,274],"product_tag":[472,473,474],"class_list":{"0":"post-24759","1":"product","2":"type-product","3":"status-publish","4":"has-post-thumbnail","6":"product_cat-cylinders-es","7":"product_cat-todos","8":"product_tag-cream-charger-es","9":"product_tag-exotic-es","10":"product_tag-whip-es","12":"first","13":"instock","14":"taxable","15":"shipping-taxable","16":"purchasable","17":"product-type-simple"},"acf":[],"_links":{"self":[{"href":"https:\/\/ewhip-distro.info\/es\/wp-json\/wp\/v2\/product\/24759","targetHints":{"allow":["GET"]}}],"collection":[{"href":"https:\/\/ewhip-distro.info\/es\/wp-json\/wp\/v2\/product"}],"about":[{"href":"https:\/\/ewhip-distro.info\/es\/wp-json\/wp\/v2\/types\/product"}],"wp:featuredmedia":[{"embeddable":true,"href":"https:\/\/ewhip-distro.info\/es\/wp-json\/wp\/v2\/media\/31577"}],"wp:attachment":[{"href":"https:\/\/ewhip-distro.info\/es\/wp-json\/wp\/v2\/media?parent=24759"}],"wp:term":[{"taxonomy":"product_brand","embeddable":true,"href":"https:\/\/ewhip-distro.info\/es\/wp-json\/wp\/v2\/product_brand?post=24759"},{"taxonomy":"product_cat","embeddable":true,"href":"https:\/\/ewhip-distro.info\/es\/wp-json\/wp\/v2\/product_cat?post=24759"},{"taxonomy":"product_tag","embeddable":true,"href":"https:\/\/ewhip-distro.info\/es\/wp-json\/wp\/v2\/product_tag?post=24759"}],"curies":[{"name":"wp","href":"https:\/\/api.w.org\/{rel}","templated":true}]}}