{"id":24734,"date":"2023-09-06T10:20:54","date_gmt":"2023-09-06T10:20:54","guid":{"rendered":"https:\/\/exotic-whip.com\/product\/strawberry-cream-charger-2000-gram\/"},"modified":"2025-02-12T15:41:12","modified_gmt":"2025-02-12T15:41:12","slug":"cargador-de-nata-montada-de-fresa-de-2000-gramos","status":"publish","type":"product","link":"https:\/\/ewhip-distro.info\/es\/producto\/cargador-de-nata-montada-de-fresa-de-2000-gramos\/","title":{"rendered":"Cargador de Nata Montada de Fresa ExoticWhip 2000 gramos"},"excerpt":{"rendered":"<p>2000g de intenso sabor a fresa. En esta pr\u00e1ctica canister con correa, encontrar\u00e1s \u00f3xido nitroso de superior calidad europea, producida bajo estrictos protocolos de seguridad. El dise\u00f1o es tan vibrante como siempre.<\/p>\n<p><strong>El nuevo dise\u00f1o incluye un c\u00f3digo QR de verificaci\u00f3n. <a href=\"https:\/\/ewhip-distro.info\/es\/verifica-tu-botella-de-exoticwhip\/\">Aprende c\u00f3mo verificar tu botella.<\/a><\/strong><\/p>\n<p><strong>*Cada pallet de 2kg contiene 162 cajas (1 cartucho por caja)<\/strong><\/p>\n","protected":false},"featured_media":31841,"template":"","meta":{"_acf_changed":false},"product_brand":[],"product_cat":[73,274],"product_tag":[472,473,474],"class_list":{"0":"post-24734","1":"product","2":"type-product","3":"status-publish","4":"has-post-thumbnail","6":"product_cat-cylinders-es","7":"product_cat-todos","8":"product_tag-cream-charger-es","9":"product_tag-exotic-es","10":"product_tag-whip-es","12":"first","13":"instock","14":"taxable","15":"shipping-taxable","16":"purchasable","17":"product-type-simple"},"acf":[],"_links":{"self":[{"href":"https:\/\/ewhip-distro.info\/es\/wp-json\/wp\/v2\/product\/24734","targetHints":{"allow":["GET"]}}],"collection":[{"href":"https:\/\/ewhip-distro.info\/es\/wp-json\/wp\/v2\/product"}],"about":[{"href":"https:\/\/ewhip-distro.info\/es\/wp-json\/wp\/v2\/types\/product"}],"wp:featuredmedia":[{"embeddable":true,"href":"https:\/\/ewhip-distro.info\/es\/wp-json\/wp\/v2\/media\/31841"}],"wp:attachment":[{"href":"https:\/\/ewhip-distro.info\/es\/wp-json\/wp\/v2\/media?parent=24734"}],"wp:term":[{"taxonomy":"product_brand","embeddable":true,"href":"https:\/\/ewhip-distro.info\/es\/wp-json\/wp\/v2\/product_brand?post=24734"},{"taxonomy":"product_cat","embeddable":true,"href":"https:\/\/ewhip-distro.info\/es\/wp-json\/wp\/v2\/product_cat?post=24734"},{"taxonomy":"product_tag","embeddable":true,"href":"https:\/\/ewhip-distro.info\/es\/wp-json\/wp\/v2\/product_tag?post=24734"}],"curies":[{"name":"wp","href":"https:\/\/api.w.org\/{rel}","templated":true}]}}