{"id":2300,"date":"2021-08-27T12:12:14","date_gmt":"2021-08-27T12:12:14","guid":{"rendered":"https:\/\/exotic-whip.com\/product\/cream-siphon\/"},"modified":"2025-07-01T11:31:12","modified_gmt":"2025-07-01T11:31:12","slug":"cream-siphon","status":"publish","type":"product","link":"https:\/\/ewhip-distro.info\/es\/producto\/cream-siphon\/","title":{"rendered":"Sif\u00f3n de Crema Exotic Whip"},"excerpt":{"rendered":"<p>El sif\u00f3n de crema Exotic Whip est\u00e1 dise\u00f1ado para entregar el producto final: nata montada, espumas y mousses en tus creaciones culinarias o de bar. Proporcionamos una <a class=\"waffle-rich-text-link\" href=\"https:\/\/ewhip-distro.info\/es\/blog-es\/uso-de-una-bombona-n2o-exoticwhip-con-un-regulador-de-presion\/\">gu\u00eda completa<\/a> sobre c\u00f3mo usar este pr\u00e1ctico dispensador de crema.<\/p>\n<p>Compatible con el cremor de Exotic Whip y el regulador de presi\u00f3n de Exotic Whip, as\u00ed como con la mayor\u00eda de los est\u00e1ndares de la industria.<\/p>\n<p>Solo apto para mezclas fr\u00edas.<\/p>\n","protected":false},"featured_media":34744,"template":"","meta":{"_acf_changed":false},"product_brand":[],"product_cat":[72,274],"product_tag":[],"class_list":{"0":"post-2300","1":"product","2":"type-product","3":"status-publish","4":"has-post-thumbnail","6":"product_cat-accessories-es","7":"product_cat-todos","9":"first","10":"outofstock","11":"taxable","12":"shipping-taxable","13":"purchasable","14":"product-type-simple"},"acf":[],"_links":{"self":[{"href":"https:\/\/ewhip-distro.info\/es\/wp-json\/wp\/v2\/product\/2300","targetHints":{"allow":["GET"]}}],"collection":[{"href":"https:\/\/ewhip-distro.info\/es\/wp-json\/wp\/v2\/product"}],"about":[{"href":"https:\/\/ewhip-distro.info\/es\/wp-json\/wp\/v2\/types\/product"}],"wp:featuredmedia":[{"embeddable":true,"href":"https:\/\/ewhip-distro.info\/es\/wp-json\/wp\/v2\/media\/34744"}],"wp:attachment":[{"href":"https:\/\/ewhip-distro.info\/es\/wp-json\/wp\/v2\/media?parent=2300"}],"wp:term":[{"taxonomy":"product_brand","embeddable":true,"href":"https:\/\/ewhip-distro.info\/es\/wp-json\/wp\/v2\/product_brand?post=2300"},{"taxonomy":"product_cat","embeddable":true,"href":"https:\/\/ewhip-distro.info\/es\/wp-json\/wp\/v2\/product_cat?post=2300"},{"taxonomy":"product_tag","embeddable":true,"href":"https:\/\/ewhip-distro.info\/es\/wp-json\/wp\/v2\/product_tag?post=2300"}],"curies":[{"name":"wp","href":"https:\/\/api.w.org\/{rel}","templated":true}]}}