{"id":2298,"date":"2021-08-31T13:55:44","date_gmt":"2021-08-31T13:55:44","guid":{"rendered":"https:\/\/exotic-whip.com\/product\/pressure-regulator\/"},"modified":"2025-07-11T18:23:21","modified_gmt":"2025-07-11T18:23:21","slug":"pressure-regulator","status":"publish","type":"product","link":"https:\/\/ewhip-distro.info\/es\/producto\/pressure-regulator\/","title":{"rendered":"Regulador de Presi\u00f3n Exotic Whip"},"excerpt":{"rendered":"<p>El regulador de presi\u00f3n Exotic Whip est\u00e1 dise\u00f1ado para medir la presi\u00f3n de tu cargador de crema de forma r\u00e1pida y f\u00e1cil, como se explica en nuestra <a class=\"waffle-rich-text-link\" href=\"https:\/\/ewhip-distro.info\/es\/blog-es\/uso-de-una-bombona-n2o-exoticwhip-con-un-regulador-de-presion\/\">gu\u00eda completa<\/a>.<\/p>\n","protected":false},"featured_media":32967,"template":"","meta":{"_acf_changed":false},"product_brand":[],"product_cat":[72,274],"product_tag":[],"class_list":{"0":"post-2298","1":"product","2":"type-product","3":"status-publish","4":"has-post-thumbnail","6":"product_cat-accessories-es","7":"product_cat-todos","9":"first","10":"outofstock","11":"taxable","12":"shipping-taxable","13":"purchasable","14":"product-type-simple"},"acf":[],"_links":{"self":[{"href":"https:\/\/ewhip-distro.info\/es\/wp-json\/wp\/v2\/product\/2298","targetHints":{"allow":["GET"]}}],"collection":[{"href":"https:\/\/ewhip-distro.info\/es\/wp-json\/wp\/v2\/product"}],"about":[{"href":"https:\/\/ewhip-distro.info\/es\/wp-json\/wp\/v2\/types\/product"}],"wp:featuredmedia":[{"embeddable":true,"href":"https:\/\/ewhip-distro.info\/es\/wp-json\/wp\/v2\/media\/32967"}],"wp:attachment":[{"href":"https:\/\/ewhip-distro.info\/es\/wp-json\/wp\/v2\/media?parent=2298"}],"wp:term":[{"taxonomy":"product_brand","embeddable":true,"href":"https:\/\/ewhip-distro.info\/es\/wp-json\/wp\/v2\/product_brand?post=2298"},{"taxonomy":"product_cat","embeddable":true,"href":"https:\/\/ewhip-distro.info\/es\/wp-json\/wp\/v2\/product_cat?post=2298"},{"taxonomy":"product_tag","embeddable":true,"href":"https:\/\/ewhip-distro.info\/es\/wp-json\/wp\/v2\/product_tag?post=2298"}],"curies":[{"name":"wp","href":"https:\/\/api.w.org\/{rel}","templated":true}]}}