{"id":22699,"date":"2023-04-06T07:55:10","date_gmt":"2023-04-06T07:55:11","guid":{"rendered":"https:\/\/exotic-whip.com\/?post_type=product&#038;p=22699"},"modified":"2025-02-12T15:06:37","modified_gmt":"2025-02-12T15:06:37","slug":"cargador-de-crema-batida-sabor-coco-n2o-670-gramos","status":"publish","type":"product","link":"https:\/\/ewhip-distro.info\/es\/producto\/cargador-de-crema-batida-sabor-coco-n2o-670-gramos\/","title":{"rendered":"Cargador de Nata Montada de Coco Exotic Whip 670 gramos"},"excerpt":{"rendered":"<p>La canister est\u00e1ndar de 670g est\u00e1 llena de un sabor superior a coco y sigue siendo el mejor \u00f3xido nitroso de calidad europea del mercado. Nuestro tama\u00f1o original en un dise\u00f1o llamativo es la canister de mejor capacidad, gracias a nuestros est\u00e1ndares de compresi\u00f3n.<\/p>\n<p><strong>El nuevo dise\u00f1o incluye un c\u00f3digo QR de verificaci\u00f3n. <a href=\"https:\/\/ewhip-distro.info\/es\/verifica-tu-botella-de-exoticwhip\/\">Aprende c\u00f3mo verificar tu botella.<\/a><\/strong><\/p>\n<p><strong>*Cada pallet de 670g contiene 75 cajas (6 cartuchos por caja)<\/strong><\/p>\n","protected":false},"featured_media":31730,"template":"","meta":{"_acf_changed":false},"product_brand":[],"product_cat":[73,274],"product_tag":[472,473,474],"class_list":{"0":"post-22699","1":"product","2":"type-product","3":"status-publish","4":"has-post-thumbnail","6":"product_cat-cylinders-es","7":"product_cat-todos","8":"product_tag-cream-charger-es","9":"product_tag-exotic-es","10":"product_tag-whip-es","12":"first","13":"instock","14":"taxable","15":"shipping-taxable","16":"purchasable","17":"product-type-simple"},"acf":[],"_links":{"self":[{"href":"https:\/\/ewhip-distro.info\/es\/wp-json\/wp\/v2\/product\/22699","targetHints":{"allow":["GET"]}}],"collection":[{"href":"https:\/\/ewhip-distro.info\/es\/wp-json\/wp\/v2\/product"}],"about":[{"href":"https:\/\/ewhip-distro.info\/es\/wp-json\/wp\/v2\/types\/product"}],"wp:featuredmedia":[{"embeddable":true,"href":"https:\/\/ewhip-distro.info\/es\/wp-json\/wp\/v2\/media\/31730"}],"wp:attachment":[{"href":"https:\/\/ewhip-distro.info\/es\/wp-json\/wp\/v2\/media?parent=22699"}],"wp:term":[{"taxonomy":"product_brand","embeddable":true,"href":"https:\/\/ewhip-distro.info\/es\/wp-json\/wp\/v2\/product_brand?post=22699"},{"taxonomy":"product_cat","embeddable":true,"href":"https:\/\/ewhip-distro.info\/es\/wp-json\/wp\/v2\/product_cat?post=22699"},{"taxonomy":"product_tag","embeddable":true,"href":"https:\/\/ewhip-distro.info\/es\/wp-json\/wp\/v2\/product_tag?post=22699"}],"curies":[{"name":"wp","href":"https:\/\/api.w.org\/{rel}","templated":true}]}}