{"id":32324,"date":"2024-11-15T13:31:24","date_gmt":"2024-11-15T13:31:24","guid":{"rendered":"https:\/\/exotic-whip.com\/product\/blueberry-cream-charger-670-gram\/"},"modified":"2025-07-21T12:42:27","modified_gmt":"2025-07-21T12:42:27","slug":"blaubeer-sahnekapsel-670-gramm","status":"publish","type":"product","link":"https:\/\/ewhip-distro.info\/de\/produkt\/blaubeer-sahnekapsel-670-gramm\/","title":{"rendered":"NEU ExoticWhip Blaubeer-Sahnekapsel 670 Gramm"},"excerpt":{"rendered":"<p>S\u00fc\u00df, geschmeidig und k\u00f6stlich intensiv \u2013 unsere 670g Blaubeer-aromatisierte ExoticWhip Sahnekapsel bringt den Geschmack frisch gepfl\u00fcckter Beeren in Ihre Kreationen. Sie bietet die perfekte Balance aus fruchtig und k\u00fchl und ist ideal, um Getr\u00e4nken, Desserts und Toppings eine s\u00fc\u00dfe Note zu verleihen! Kompatibel mit dem <a href=\"https:\/\/ewhip-distro.info\/de\/produkt\/exotic-whip-creamer\/\">ExoticWhip Sahnespender!<\/a><\/p>\n<p><strong>Dieses Produkt wird nur in einer Box mit sechs gemischten Geschmacksrichtungen verkauft!<\/strong><\/p>\n<p><strong>Das neue Design beinhaltet einen QR-Code zur Verifizierung. <a href=\"https:\/\/ewhip-distro.info\/de\/uberprufen-sie-ihre-exoticwhip-flasche\/\">Erfahren Sie, wie Sie Ihre Flasche verifizieren k\u00f6nnen.<\/a><\/strong><\/p>\n<p><strong>*Jede Palette mit 670 g enth\u00e4lt 75 Kartons (6 Beh\u00e4lter pro Karton)<\/strong><\/p>\n","protected":false},"featured_media":31960,"template":"","meta":{"_acf_changed":false},"product_brand":[],"product_cat":[271,69],"product_tag":[460,461,462],"class_list":{"0":"post-32324","1":"product","2":"type-product","3":"status-publish","4":"has-post-thumbnail","6":"product_cat-alle","7":"product_cat-cylinders-de","8":"product_tag-cream-charger-de","9":"product_tag-exotic-de","10":"product_tag-whip-de","12":"first","13":"instock","14":"taxable","15":"shipping-taxable","16":"purchasable","17":"product-type-simple"},"acf":[],"_links":{"self":[{"href":"https:\/\/ewhip-distro.info\/de\/wp-json\/wp\/v2\/product\/32324","targetHints":{"allow":["GET"]}}],"collection":[{"href":"https:\/\/ewhip-distro.info\/de\/wp-json\/wp\/v2\/product"}],"about":[{"href":"https:\/\/ewhip-distro.info\/de\/wp-json\/wp\/v2\/types\/product"}],"wp:featuredmedia":[{"embeddable":true,"href":"https:\/\/ewhip-distro.info\/de\/wp-json\/wp\/v2\/media\/31960"}],"wp:attachment":[{"href":"https:\/\/ewhip-distro.info\/de\/wp-json\/wp\/v2\/media?parent=32324"}],"wp:term":[{"taxonomy":"product_brand","embeddable":true,"href":"https:\/\/ewhip-distro.info\/de\/wp-json\/wp\/v2\/product_brand?post=32324"},{"taxonomy":"product_cat","embeddable":true,"href":"https:\/\/ewhip-distro.info\/de\/wp-json\/wp\/v2\/product_cat?post=32324"},{"taxonomy":"product_tag","embeddable":true,"href":"https:\/\/ewhip-distro.info\/de\/wp-json\/wp\/v2\/product_tag?post=32324"}],"curies":[{"name":"wp","href":"https:\/\/api.w.org\/{rel}","templated":true}]}}