{"id":32296,"date":"2024-11-15T12:58:55","date_gmt":"2024-11-15T12:58:55","guid":{"rendered":"https:\/\/exotic-whip.com\/product\/banana-cream-charger-670-gram\/"},"modified":"2025-07-21T12:48:09","modified_gmt":"2025-07-21T12:48:09","slug":"bananen-sahnekapsel-670-gramm","status":"publish","type":"product","link":"https:\/\/ewhip-distro.info\/de\/produkt\/bananen-sahnekapsel-670-gramm\/","title":{"rendered":"NEU ExoticWhip Bananen-Sahnekapsel 670 Gramm"},"excerpt":{"rendered":"<p>Holen Sie sich das Tropenfeeling mit unserem 670g Bananen-Geschmack ExoticWhip Sahne-Kapsel! Dieser sanfte, s\u00fc\u00dfe Bananengeschmack macht jedes Dessert, Getr\u00e4nk oder Topping ein wenig verspielter und viel leckerer. Werden Sie kreativ mit Ihrem n\u00e4chsten Rezept! Kompatibel mit dem <a href=\"https:\/\/ewhip-distro.info\/de\/produkt\/exotic-whip-creamer\/\">ExoticWhip Sahnespender!<\/a><\/p>\n<p><strong>Dieses Produkt wird nur in einer Box mit sechs gemischten Geschmacksrichtungen verkauft!<\/strong><\/p>\n<p><strong>Le nouveau design inclut un code QR de v\u00e9rification. <a href=\"https:\/\/ewhip-distro.info\/de\/uberprufen-sie-ihre-exoticwhip-flasche\/\">Apprenez comment v\u00e9rifier votre bouteille.<\/a><\/strong><\/p>\n<p><strong>*Jede Palette mit 670 g enth\u00e4lt 75 Kartons (6 Beh\u00e4lter pro Karton)<\/strong><\/p>\n","protected":false},"featured_media":31861,"template":"","meta":{"_acf_changed":false},"product_brand":[],"product_cat":[271,69],"product_tag":[460,461,462],"class_list":{"0":"post-32296","1":"product","2":"type-product","3":"status-publish","4":"has-post-thumbnail","6":"product_cat-alle","7":"product_cat-cylinders-de","8":"product_tag-cream-charger-de","9":"product_tag-exotic-de","10":"product_tag-whip-de","12":"first","13":"instock","14":"taxable","15":"shipping-taxable","16":"purchasable","17":"product-type-simple"},"acf":[],"_links":{"self":[{"href":"https:\/\/ewhip-distro.info\/de\/wp-json\/wp\/v2\/product\/32296","targetHints":{"allow":["GET"]}}],"collection":[{"href":"https:\/\/ewhip-distro.info\/de\/wp-json\/wp\/v2\/product"}],"about":[{"href":"https:\/\/ewhip-distro.info\/de\/wp-json\/wp\/v2\/types\/product"}],"wp:featuredmedia":[{"embeddable":true,"href":"https:\/\/ewhip-distro.info\/de\/wp-json\/wp\/v2\/media\/31861"}],"wp:attachment":[{"href":"https:\/\/ewhip-distro.info\/de\/wp-json\/wp\/v2\/media?parent=32296"}],"wp:term":[{"taxonomy":"product_brand","embeddable":true,"href":"https:\/\/ewhip-distro.info\/de\/wp-json\/wp\/v2\/product_brand?post=32296"},{"taxonomy":"product_cat","embeddable":true,"href":"https:\/\/ewhip-distro.info\/de\/wp-json\/wp\/v2\/product_cat?post=32296"},{"taxonomy":"product_tag","embeddable":true,"href":"https:\/\/ewhip-distro.info\/de\/wp-json\/wp\/v2\/product_tag?post=32296"}],"curies":[{"name":"wp","href":"https:\/\/api.w.org\/{rel}","templated":true}]}}