{"id":32286,"date":"2024-11-15T12:44:31","date_gmt":"2024-11-15T12:44:31","guid":{"rendered":"https:\/\/exotic-whip.com\/product\/strawberry-cream-charger-1350-gram\/"},"modified":"2025-04-18T11:00:05","modified_gmt":"2025-04-18T11:00:05","slug":"erdbeer-sahnekapsel-1350-gramm","status":"publish","type":"product","link":"https:\/\/ewhip-distro.info\/de\/produkt\/erdbeer-sahnekapsel-1350-gramm\/","title":{"rendered":"ExoticWhip Erdbeer-Sahnekapsel 1350 Gramm"},"excerpt":{"rendered":"<p>Die 1350g Sahnekapsel ist unsere bisher praktischste Gr\u00f6\u00dfe. Mit ihrer mittleren Gr\u00f6\u00dfe ist die 1350g Kapsel der Marktf\u00fchrer im Bereich der AROMATISIERTEN Distickstoffmonoxid; diese Erdbeerkapsel ist so FRUCHTIG wie es nur geht und enth\u00e4lt das hochwertigste in der EU hergestellte N2O.<\/p>\n<p><strong>Das neue Design beinhaltet einen QR-Code zur Verifizierung. <a href=\"https:\/\/ewhip-distro.info\/de\/uberprufen-sie-ihre-exoticwhip-flasche\/\">Erfahren Sie, wie Sie Ihre Flasche verifizieren k\u00f6nnen.<\/a><\/strong><\/p>\n<p><strong>*Jede Palette mit 1350 g enth\u00e4lt 60 Kartons (4 Beh\u00e4lter pro Karton)<\/strong><\/p>\n","protected":false},"featured_media":31804,"template":"","meta":{"_acf_changed":false},"product_brand":[],"product_cat":[],"product_tag":[460,461,462],"class_list":{"0":"post-32286","1":"product","2":"type-product","3":"status-publish","4":"has-post-thumbnail","6":"product_tag-cream-charger-de","7":"product_tag-exotic-de","8":"product_tag-whip-de","10":"first","11":"instock","12":"taxable","13":"shipping-taxable","14":"purchasable","15":"product-type-simple"},"acf":[],"_links":{"self":[{"href":"https:\/\/ewhip-distro.info\/de\/wp-json\/wp\/v2\/product\/32286","targetHints":{"allow":["GET"]}}],"collection":[{"href":"https:\/\/ewhip-distro.info\/de\/wp-json\/wp\/v2\/product"}],"about":[{"href":"https:\/\/ewhip-distro.info\/de\/wp-json\/wp\/v2\/types\/product"}],"wp:featuredmedia":[{"embeddable":true,"href":"https:\/\/ewhip-distro.info\/de\/wp-json\/wp\/v2\/media\/31804"}],"wp:attachment":[{"href":"https:\/\/ewhip-distro.info\/de\/wp-json\/wp\/v2\/media?parent=32286"}],"wp:term":[{"taxonomy":"product_brand","embeddable":true,"href":"https:\/\/ewhip-distro.info\/de\/wp-json\/wp\/v2\/product_brand?post=32286"},{"taxonomy":"product_cat","embeddable":true,"href":"https:\/\/ewhip-distro.info\/de\/wp-json\/wp\/v2\/product_cat?post=32286"},{"taxonomy":"product_tag","embeddable":true,"href":"https:\/\/ewhip-distro.info\/de\/wp-json\/wp\/v2\/product_tag?post=32286"}],"curies":[{"name":"wp","href":"https:\/\/api.w.org\/{rel}","templated":true}]}}