{"id":27614,"date":"2024-04-10T11:44:44","date_gmt":"2024-04-10T11:44:44","guid":{"rendered":"https:\/\/exotic-whip.com\/product\/new-exotic-whip-original-cream-charger-1350-grams\/"},"modified":"2025-04-18T10:55:40","modified_gmt":"2025-04-18T10:55:40","slug":"original-sahnekapsel-1350-gramm","status":"publish","type":"product","link":"https:\/\/ewhip-distro.info\/de\/produkt\/original-sahnekapsel-1350-gramm\/","title":{"rendered":"ExoticWhip Original Sahnekapsel 1350 Gramm"},"excerpt":{"rendered":"<p>Die Sahnekartusche mit 1350 g ist unsere bequemste Gr\u00f6\u00dfe bis dato. Genau in der Mitte, was die Gr\u00f6\u00dfe betrifft, ist die 1350 g Kartusche Marktf\u00fchrer in Bezug auf die Distickstoffoxidkapazit\u00e4t f\u00fcr ihre Gr\u00f6\u00dfe. Sie enth\u00e4lt das hochwertigste in der EU hergestellte N2O.<\/p>\n<p><strong>Das neue Design beinhaltet einen QR-Code zur Verifizierung. <a href=\"https:\/\/ewhip-distro.info\/de\/uberprufen-sie-ihre-exoticwhip-flasche\/\">Erfahren Sie, wie Sie Ihre Flasche verifizieren k\u00f6nnen.<\/a><\/strong><\/p>\n<p><strong>*Jede Palette mit 1350 g enth\u00e4lt 60 Kartons (4 Beh\u00e4lter pro Karton)<\/strong><\/p>\n","protected":false},"featured_media":31653,"template":"","meta":{"_acf_changed":false},"product_brand":[],"product_cat":[271,69],"product_tag":[460,461,462],"class_list":{"0":"post-27614","1":"product","2":"type-product","3":"status-publish","4":"has-post-thumbnail","6":"product_cat-alle","7":"product_cat-cylinders-de","8":"product_tag-cream-charger-de","9":"product_tag-exotic-de","10":"product_tag-whip-de","12":"first","13":"instock","14":"taxable","15":"shipping-taxable","16":"purchasable","17":"product-type-simple"},"acf":[],"_links":{"self":[{"href":"https:\/\/ewhip-distro.info\/de\/wp-json\/wp\/v2\/product\/27614","targetHints":{"allow":["GET"]}}],"collection":[{"href":"https:\/\/ewhip-distro.info\/de\/wp-json\/wp\/v2\/product"}],"about":[{"href":"https:\/\/ewhip-distro.info\/de\/wp-json\/wp\/v2\/types\/product"}],"wp:featuredmedia":[{"embeddable":true,"href":"https:\/\/ewhip-distro.info\/de\/wp-json\/wp\/v2\/media\/31653"}],"wp:attachment":[{"href":"https:\/\/ewhip-distro.info\/de\/wp-json\/wp\/v2\/media?parent=27614"}],"wp:term":[{"taxonomy":"product_brand","embeddable":true,"href":"https:\/\/ewhip-distro.info\/de\/wp-json\/wp\/v2\/product_brand?post=27614"},{"taxonomy":"product_cat","embeddable":true,"href":"https:\/\/ewhip-distro.info\/de\/wp-json\/wp\/v2\/product_cat?post=27614"},{"taxonomy":"product_tag","embeddable":true,"href":"https:\/\/ewhip-distro.info\/de\/wp-json\/wp\/v2\/product_tag?post=27614"}],"curies":[{"name":"wp","href":"https:\/\/api.w.org\/{rel}","templated":true}]}}