{"id":26714,"date":"2024-01-29T10:59:15","date_gmt":"2024-01-29T10:59:15","guid":{"rendered":"https:\/\/exotic-whip.com\/product\/exotic-whip-creamer\/"},"modified":"2025-02-12T16:40:08","modified_gmt":"2025-02-12T16:40:08","slug":"exotic-whip-creamer","status":"publish","type":"product","link":"https:\/\/ewhip-distro.info\/de\/produkt\/exotic-whip-creamer\/","title":{"rendered":"Exotic Whip Sahnespender"},"excerpt":{"rendered":"<p>Der Exotic Whip Sahnespender ist ein innovativer N2O-Spender, ma\u00dfgeschneidert f\u00fcr die Erstellung von Schlagsahne, kalten Sch\u00e4umen und Saucen. Schauen Sie sich hier unsere <a class=\"waffle-rich-text-link\" href=\"https:\/\/www.youtube.com\/watch?v=95d29TCNutw\">Videoanleitung<\/a> an, um zu sehen, wie einfach er zu benutzen ist.<\/p>\n<p>Der EMPFOHLENE VERKAUFSPREIS betr\u00e4gt 89,90 \u20ac.<\/p>\n<p>Kompatibel mit N2O Exotic Whip Siphons und 670 g N2O-Zylindern. Siphons und Zylinder separat verkauft<\/p>\n","protected":false},"featured_media":28797,"template":"","meta":{"_acf_changed":false},"product_brand":[],"product_cat":[271,70],"product_tag":[],"class_list":{"0":"post-26714","1":"product","2":"type-product","3":"status-publish","4":"has-post-thumbnail","6":"product_cat-alle","7":"product_cat-accessories-de","9":"first","10":"instock","11":"taxable","12":"shipping-taxable","13":"product-type-simple"},"acf":[],"_links":{"self":[{"href":"https:\/\/ewhip-distro.info\/de\/wp-json\/wp\/v2\/product\/26714","targetHints":{"allow":["GET"]}}],"collection":[{"href":"https:\/\/ewhip-distro.info\/de\/wp-json\/wp\/v2\/product"}],"about":[{"href":"https:\/\/ewhip-distro.info\/de\/wp-json\/wp\/v2\/types\/product"}],"wp:featuredmedia":[{"embeddable":true,"href":"https:\/\/ewhip-distro.info\/de\/wp-json\/wp\/v2\/media\/28797"}],"wp:attachment":[{"href":"https:\/\/ewhip-distro.info\/de\/wp-json\/wp\/v2\/media?parent=26714"}],"wp:term":[{"taxonomy":"product_brand","embeddable":true,"href":"https:\/\/ewhip-distro.info\/de\/wp-json\/wp\/v2\/product_brand?post=26714"},{"taxonomy":"product_cat","embeddable":true,"href":"https:\/\/ewhip-distro.info\/de\/wp-json\/wp\/v2\/product_cat?post=26714"},{"taxonomy":"product_tag","embeddable":true,"href":"https:\/\/ewhip-distro.info\/de\/wp-json\/wp\/v2\/product_tag?post=26714"}],"curies":[{"name":"wp","href":"https:\/\/api.w.org\/{rel}","templated":true}]}}