{"id":24765,"date":"2023-09-06T10:20:43","date_gmt":"2023-09-06T10:20:43","guid":{"rendered":"https:\/\/exotic-whip.com\/product\/strawberry-whipped-cream-charger-670-gram\/"},"modified":"2025-02-12T11:11:43","modified_gmt":"2025-02-12T11:11:43","slug":"erdbeer-sahnekapsel-670-gramm","status":"publish","type":"product","link":"https:\/\/ewhip-distro.info\/de\/produkt\/erdbeer-sahnekapsel-670-gramm\/","title":{"rendered":"ExoticWhip Erdbeer-Sahnekartusche 670 Gramm"},"excerpt":{"rendered":"<p>Unsere klassische Gr\u00f6\u00dfe enth\u00e4lt jetzt Distickstoffoxid mit Erdbeergeschmack, um eine au\u00dfergew\u00f6hnliche und schmackhafte Zutat f\u00fcr Ihre kulinarischen Kreationen zu garantieren. Die 670 g sind gef\u00fcllt mit dem \u00fcblichen EU-Qualit\u00e4ts-N2O in einem erkennbaren Design.<\/p>\n<p><strong>Das neue Design beinhaltet einen QR-Code zur Verifizierung. <a href=\"https:\/\/ewhip-distro.info\/de\/uberprufen-sie-ihre-exoticwhip-flasche\/\">Erfahren Sie, wie Sie Ihre Flasche verifizieren k\u00f6nnen.<\/a><\/strong><\/p>\n<p><strong>*Jede Palette mit 670 g enth\u00e4lt 75 Kartons (6 Beh\u00e4lter pro Karton)<\/strong><\/p>\n","protected":false},"featured_media":31709,"template":"","meta":{"_acf_changed":false},"product_brand":[],"product_cat":[271,69],"product_tag":[460,461,462],"class_list":{"0":"post-24765","1":"product","2":"type-product","3":"status-publish","4":"has-post-thumbnail","6":"product_cat-alle","7":"product_cat-cylinders-de","8":"product_tag-cream-charger-de","9":"product_tag-exotic-de","10":"product_tag-whip-de","12":"first","13":"instock","14":"taxable","15":"shipping-taxable","16":"purchasable","17":"product-type-simple"},"acf":[],"_links":{"self":[{"href":"https:\/\/ewhip-distro.info\/de\/wp-json\/wp\/v2\/product\/24765","targetHints":{"allow":["GET"]}}],"collection":[{"href":"https:\/\/ewhip-distro.info\/de\/wp-json\/wp\/v2\/product"}],"about":[{"href":"https:\/\/ewhip-distro.info\/de\/wp-json\/wp\/v2\/types\/product"}],"wp:featuredmedia":[{"embeddable":true,"href":"https:\/\/ewhip-distro.info\/de\/wp-json\/wp\/v2\/media\/31709"}],"wp:attachment":[{"href":"https:\/\/ewhip-distro.info\/de\/wp-json\/wp\/v2\/media?parent=24765"}],"wp:term":[{"taxonomy":"product_brand","embeddable":true,"href":"https:\/\/ewhip-distro.info\/de\/wp-json\/wp\/v2\/product_brand?post=24765"},{"taxonomy":"product_cat","embeddable":true,"href":"https:\/\/ewhip-distro.info\/de\/wp-json\/wp\/v2\/product_cat?post=24765"},{"taxonomy":"product_tag","embeddable":true,"href":"https:\/\/ewhip-distro.info\/de\/wp-json\/wp\/v2\/product_tag?post=24765"}],"curies":[{"name":"wp","href":"https:\/\/api.w.org\/{rel}","templated":true}]}}