{"id":24756,"date":"2023-09-06T10:20:39","date_gmt":"2023-09-06T10:20:39","guid":{"rendered":"https:\/\/exotic-whip.com\/product\/original-cream-charger-640-gram\/"},"modified":"2025-02-12T15:10:54","modified_gmt":"2025-02-12T15:10:54","slug":"670-gram-sahnekapseln","status":"publish","type":"product","link":"https:\/\/ewhip-distro.info\/de\/produkt\/670-gram-sahnekapseln\/","title":{"rendered":"ExoticWhip Original Sahnekartusche 670 Gramm"},"excerpt":{"rendered":"<p>Die klassische Sahnekartusche mit 670 g ist gef\u00fcllt mit hochwertigem EU-Qualit\u00e4ts-Distickstoffoxid. Aufgrund unserer Kompressionsstandards ist unsere klassische 670 g Kartusche diejenige mit der h\u00f6chsten Kapazit\u00e4t auf dem Markt f\u00fcr ihre Gr\u00f6\u00dfe und wie immer in einem Design, das uns auszeichnet.<\/p>\n<p><strong>Das neue Design beinhaltet einen QR-Code zur Verifizierung. <a href=\"https:\/\/ewhip-distro.info\/de\/uberprufen-sie-ihre-exoticwhip-flasche\/\">Erfahren Sie, wie Sie Ihre Flasche verifizieren k\u00f6nnen.<\/a><\/strong><\/p>\n<p><strong>*Jede Palette mit 670 g enth\u00e4lt 75 Kartons (6 Beh\u00e4lter pro Karton)<\/strong><\/p>\n","protected":false},"featured_media":31573,"template":"","meta":{"_acf_changed":false},"product_brand":[],"product_cat":[271,69],"product_tag":[460,461,462],"class_list":{"0":"post-24756","1":"product","2":"type-product","3":"status-publish","4":"has-post-thumbnail","6":"product_cat-alle","7":"product_cat-cylinders-de","8":"product_tag-cream-charger-de","9":"product_tag-exotic-de","10":"product_tag-whip-de","12":"first","13":"instock","14":"taxable","15":"shipping-taxable","16":"purchasable","17":"product-type-simple"},"acf":[],"_links":{"self":[{"href":"https:\/\/ewhip-distro.info\/de\/wp-json\/wp\/v2\/product\/24756","targetHints":{"allow":["GET"]}}],"collection":[{"href":"https:\/\/ewhip-distro.info\/de\/wp-json\/wp\/v2\/product"}],"about":[{"href":"https:\/\/ewhip-distro.info\/de\/wp-json\/wp\/v2\/types\/product"}],"wp:featuredmedia":[{"embeddable":true,"href":"https:\/\/ewhip-distro.info\/de\/wp-json\/wp\/v2\/media\/31573"}],"wp:attachment":[{"href":"https:\/\/ewhip-distro.info\/de\/wp-json\/wp\/v2\/media?parent=24756"}],"wp:term":[{"taxonomy":"product_brand","embeddable":true,"href":"https:\/\/ewhip-distro.info\/de\/wp-json\/wp\/v2\/product_brand?post=24756"},{"taxonomy":"product_cat","embeddable":true,"href":"https:\/\/ewhip-distro.info\/de\/wp-json\/wp\/v2\/product_cat?post=24756"},{"taxonomy":"product_tag","embeddable":true,"href":"https:\/\/ewhip-distro.info\/de\/wp-json\/wp\/v2\/product_tag?post=24756"}],"curies":[{"name":"wp","href":"https:\/\/api.w.org\/{rel}","templated":true}]}}