{"id":24744,"date":"2023-09-06T10:20:55","date_gmt":"2023-09-06T10:20:55","guid":{"rendered":"https:\/\/exotic-whip.com\/product\/coconut-cream-charger-2000-gram\/"},"modified":"2025-02-12T15:45:46","modified_gmt":"2025-02-12T15:45:46","slug":"kokosnuss-sahnekapsel-2000-gramm","status":"publish","type":"product","link":"https:\/\/ewhip-distro.info\/de\/produkt\/kokosnuss-sahnekapsel-2000-gramm\/","title":{"rendered":"ExoticWhip Kokosnuss-Sahnekartusche 2000 Gramm"},"excerpt":{"rendered":"<p>Nichts sagt Exotic Whip wie tropische Kokosnuss, und diese Kartusche ist eine Sahnekartusche mit maximaler Kapazit\u00e4t, die 2000 g \u00fcberlegenen Geschmack enth\u00e4lt. Sie enth\u00e4lt das \u00fcbliche EU-Qualit\u00e4ts-Distickstoffoxid und ist so gestaltet, dass sie Bequemlichkeit und Sicherheit bietet.<\/p>\n<p><strong>Das neue Design beinhaltet einen QR-Code zur Verifizierung. <a href=\"https:\/\/ewhip-distro.info\/de\/uberprufen-sie-ihre-exoticwhip-flasche\/\">Erfahren Sie, wie Sie Ihre Flasche verifizieren k\u00f6nnen.<\/a><\/strong><\/p>\n<p><strong>*Jede Palette mit 2 kg enth\u00e4lt 162 Kartons (1 Beh\u00e4lter pro Karton)<\/strong><\/p>\n","protected":false},"featured_media":31910,"template":"","meta":{"_acf_changed":false},"product_brand":[],"product_cat":[271,69],"product_tag":[460,461,462],"class_list":{"0":"post-24744","1":"product","2":"type-product","3":"status-publish","4":"has-post-thumbnail","6":"product_cat-alle","7":"product_cat-cylinders-de","8":"product_tag-cream-charger-de","9":"product_tag-exotic-de","10":"product_tag-whip-de","12":"first","13":"instock","14":"taxable","15":"shipping-taxable","16":"purchasable","17":"product-type-simple"},"acf":[],"_links":{"self":[{"href":"https:\/\/ewhip-distro.info\/de\/wp-json\/wp\/v2\/product\/24744","targetHints":{"allow":["GET"]}}],"collection":[{"href":"https:\/\/ewhip-distro.info\/de\/wp-json\/wp\/v2\/product"}],"about":[{"href":"https:\/\/ewhip-distro.info\/de\/wp-json\/wp\/v2\/types\/product"}],"wp:featuredmedia":[{"embeddable":true,"href":"https:\/\/ewhip-distro.info\/de\/wp-json\/wp\/v2\/media\/31910"}],"wp:attachment":[{"href":"https:\/\/ewhip-distro.info\/de\/wp-json\/wp\/v2\/media?parent=24744"}],"wp:term":[{"taxonomy":"product_brand","embeddable":true,"href":"https:\/\/ewhip-distro.info\/de\/wp-json\/wp\/v2\/product_brand?post=24744"},{"taxonomy":"product_cat","embeddable":true,"href":"https:\/\/ewhip-distro.info\/de\/wp-json\/wp\/v2\/product_cat?post=24744"},{"taxonomy":"product_tag","embeddable":true,"href":"https:\/\/ewhip-distro.info\/de\/wp-json\/wp\/v2\/product_tag?post=24744"}],"curies":[{"name":"wp","href":"https:\/\/api.w.org\/{rel}","templated":true}]}}