{"id":22698,"date":"2023-04-06T07:55:10","date_gmt":"2023-04-06T07:55:11","guid":{"rendered":"https:\/\/exotic-whip.com\/?post_type=product&#038;p=22698"},"modified":"2025-02-12T15:06:03","modified_gmt":"2025-02-12T15:06:03","slug":"kokos-sahne-spender-n2o-670-gramm","status":"publish","type":"product","link":"https:\/\/ewhip-distro.info\/de\/produkt\/kokos-sahne-spender-n2o-670-gramm\/","title":{"rendered":"ExoticWhip Kokosnuss-Sahnekartusche 670 Gramm"},"excerpt":{"rendered":"<p>Die Standardkartusche mit 670 g ist gef\u00fcllt mit \u00fcberlegenem Kokosnussgeschmack und bleibt dennoch das beste EU-Qualit\u00e4ts-Distickstoffoxid auf dem Markt. Unsere Originalgr\u00f6\u00dfe in einem auff\u00e4lligen Design ist die beste Kapazit\u00e4tskartusche aufgrund unserer Kompressionsstandards.<\/p>\n<p><strong>Das neue Design beinhaltet einen QR-Code zur Verifizierung. <a href=\"https:\/\/ewhip-distro.info\/de\/uberprufen-sie-ihre-exoticwhip-flasche\/\">Erfahren Sie, wie Sie Ihre Flasche verifizieren k\u00f6nnen.<\/a><\/strong><\/p>\n<p><strong>*Jede Palette mit 670 g enth\u00e4lt 75 Kartons (6 Beh\u00e4lter pro Karton)<\/strong><\/p>\n","protected":false},"featured_media":31734,"template":"","meta":{"_acf_changed":false},"product_brand":[],"product_cat":[271,69],"product_tag":[460,461,462],"class_list":{"0":"post-22698","1":"product","2":"type-product","3":"status-publish","4":"has-post-thumbnail","6":"product_cat-alle","7":"product_cat-cylinders-de","8":"product_tag-cream-charger-de","9":"product_tag-exotic-de","10":"product_tag-whip-de","12":"first","13":"instock","14":"taxable","15":"shipping-taxable","16":"purchasable","17":"product-type-simple"},"acf":[],"_links":{"self":[{"href":"https:\/\/ewhip-distro.info\/de\/wp-json\/wp\/v2\/product\/22698","targetHints":{"allow":["GET"]}}],"collection":[{"href":"https:\/\/ewhip-distro.info\/de\/wp-json\/wp\/v2\/product"}],"about":[{"href":"https:\/\/ewhip-distro.info\/de\/wp-json\/wp\/v2\/types\/product"}],"wp:featuredmedia":[{"embeddable":true,"href":"https:\/\/ewhip-distro.info\/de\/wp-json\/wp\/v2\/media\/31734"}],"wp:attachment":[{"href":"https:\/\/ewhip-distro.info\/de\/wp-json\/wp\/v2\/media?parent=22698"}],"wp:term":[{"taxonomy":"product_brand","embeddable":true,"href":"https:\/\/ewhip-distro.info\/de\/wp-json\/wp\/v2\/product_brand?post=22698"},{"taxonomy":"product_cat","embeddable":true,"href":"https:\/\/ewhip-distro.info\/de\/wp-json\/wp\/v2\/product_cat?post=22698"},{"taxonomy":"product_tag","embeddable":true,"href":"https:\/\/ewhip-distro.info\/de\/wp-json\/wp\/v2\/product_tag?post=22698"}],"curies":[{"name":"wp","href":"https:\/\/api.w.org\/{rel}","templated":true}]}}